{"id":5560,"date":"2025-03-03T16:34:12","date_gmt":"2025-03-03T15:34:12","guid":{"rendered":"https:\/\/plodnost.com.mk\/?page_id=5560"},"modified":"2025-03-06T16:14:23","modified_gmt":"2025-03-06T15:14:23","slug":"gastroenterology","status":"publish","type":"page","link":"https:\/\/plodnost.com.mk\/sq\/specialties\/plodnost-intermed\/gastroenterology\/","title":{"rendered":"Gastroenterologjia n\u00eb Plodnost Intermed"},"content":{"rendered":"<p><section id=\"bt_section69e74b2d8eaa9\"  class=\"boldSection gutter inherit\" ><div class=\"port\"><div class=\"boldCell\"><div class=\"boldCellInner\"><div class=\"boldRow\" ><div class=\"boldRowInner\"><div class=\"rowItem col-md-12 col-ms-12  btTextLeft\"  ><div class=\"rowItemContent\" ><div class=\"boldRow boldInnerRow\" ><div class=\"rowItem rowInnerItem col-md-6  btTextLeft\"  ><div class=\"rowItemContent\"><div class=\"btClear btSeparator topSemiSpaced bottomSemiSpaced noBorder\" ><hr><\/div><div class=\"btText\" ><\/p>\n<p>Gastroenterologjia \u00ebsht\u00eb nj\u00eb specialitet mjek\u00ebsor q\u00eb merret me diagnostikimin, trajtimin dhe monitorimin e s\u00ebmundjeve t\u00eb sistemit tret\u00ebs. Gastroenterolog\u00ebt trajtojn\u00eb s\u00ebmundje q\u00eb prekin ezofagun, stomakun, m\u00ebl\u00e7in\u00eb, pankreasin, kanalet biliare, zorr\u00ebt, rektumin dhe anusin. Objektivat e gastroenterologjis\u00eb moderne p\u00ebrfshijn\u00eb diagnostikimin dhe parandalimin e hersh\u00ebm t\u00eb s\u00ebmundjeve inflamatore, metabolike, autoimune dhe tumorale.<\/p>\n<p>Disa nga simptomat q\u00eb mund t\u00eb k\u00ebrkojn\u00eb nj\u00eb konsult\u00eb me nj\u00eb gastroenterolog p\u00ebrfshijn\u00eb:<\/p>\n<ul>\n<li>Dhimbje kronike n\u00eb bark<\/li>\n<li>Gjakderdhje dhe\/ose dhimbje n\u00eb anus dhe rektum<\/li>\n<li>Ndryshime n\u00eb l\u00ebvizjet e zorr\u00ebve (diarre kronike dhe\/ose kapsll\u00ebk)<\/li>\n<li>Urth, refluks, t\u00eb p\u00ebrziera dhe t\u00eb vjella kronike<\/li>\n<li>Humbje peshe pa arsye, lodhje kronike dhe humbje oreksi<\/li>\n<li>Parametra laboratorik\u00eb jonormal\u00eb (anemi, enzima t\u00eb larta t\u00eb m\u00ebl\u00e7is\u00eb)<\/li>\n<li>Histori familjare e kancerit t\u00eb stomakut, zorr\u00ebs s\u00eb trash\u00eb ose rektumit<\/li>\n<\/ul>\n<p>\n<\/div><\/div><\/div><div class=\"rowItem rowInnerItem col-md-6  btTextLeft\"  ><div class=\"rowItemContent\"><div class=\"btClear btSeparator topSemiSpaced bottomSemiSpaced noBorder\" ><hr><\/div><div class=\"bpgPhoto btTextCenter\" ><div class=\"btImage\"><img decoding=\"async\" src=\"https:\/\/plodnost.com.mk\/wp-content\/uploads\/2024\/09\/cardiology.jpg\" alt=\"Doctor Cardiology Specialist Providing Treatment And Expert Care Experience Specialist\" title=\"Doctor Cardiology Specialist Providing Treatment And Expert Care Experience Specialist\"><\/div><\/div><\/div><\/div><\/div><div class=\"boldRow boldInnerRow\" ><div class=\"rowItem rowInnerItem col-md-12  btTextLeft\"  ><div class=\"rowItemContent\"><div class=\"btClear btSeparator topSmallSpaced noBorder\" ><hr><\/div><div class=\"btText\" ><\/p>\n<p><strong>\u00c7far\u00eb P\u00ebrfshin Konsultimi n\u00eb Plodnost Intermed<\/strong><br \/>\n&nbsp;<br \/>\nGjat\u00eb konsultimit me nj\u00eb gastroenterolog, b\u00ebhet nj\u00eb diskutim i detajuar mbi simptomat, shqyrtohet historia mjek\u00ebsore dhe kryhet nj\u00eb ekzaminim i barkut. Gjithashtu, kryhet nj\u00eb ekografi e barkut me pajisje t\u00eb avancuara. Sipas simptomave, mund t\u00eb k\u00ebrkohen ekzaminime shtes\u00eb si endoskopia, testet laboratorike dhe ekzaminimet rektale.<\/p>\n<p>N\u00eb Plodnost Intermed, pacient\u00ebt mund t\u00eb:<\/p>\n<ul>\n<li>Planifikojn\u00eb nj\u00eb konsult\u00eb dhe kontroll me nj\u00eb gastroenterolog t\u00eb kualifikuar<\/li>\n<li>Kryejn\u00eb nj\u00eb ekografi abdominale<\/li>\n<li>Marrin nj\u00eb vler\u00ebsim anorektal<\/li>\n<li>Trajtojn\u00eb s\u00ebmundjen hemorroide<\/li>\n<\/ul>\n<p>N\u00eb shumic\u00ebn e rasteve, diagnostikimi, trajtimi dhe monitorimi i hemorroideve mund t\u00eb kryhet n\u00eb kushte ambulatore. Metodat jo-kirurgjikale p\u00ebrfshijn\u00eb trajtimin me ila\u00e7e, ligatur\u00ebn e venave dhe fotokoagulimin.<\/p>\n<p>Plodnost Intermed ndodhet n\u00eb Spitalin Plodnost.<\/p>\n<p>&nbsp;<\/p>\n<p>\n<\/div><\/div><\/div><\/div><\/div><\/div><\/div><\/div><div class=\"boldRow\" ><div class=\"boldRowInner\"><div class=\"rowItem col-md-12 col-ms-12  btTextLeft inherit\"  ><div class=\"rowItemContent\" ><\/div><\/div><\/div><\/div><div class=\"boldRow\" ><div class=\"boldRowInner\"><\/div><\/div><div class=\"boldRow\" ><div class=\"boldRowInner\"><\/div><\/div><\/div><\/div><\/div><\/section><section id=\"bt_section69e74b2d8efc7\"  class=\"boldSection gutter\" ><div class=\"port\"><div class=\"boldCell\"><div class=\"boldCellInner\"><div class=\"boldRow\" ><div class=\"boldRowInner\"><div class=\"rowItem col-md-12 col-ms-12  btTextLeft\"  ><div class=\"rowItemContent\" ><div class=\"btClear btSeparator topSpaced noBorder\" ><hr><\/div><\/div><\/div><\/div><\/div><\/div><\/div><\/div><\/section><\/p>","protected":false},"excerpt":{"rendered":"","protected":false},"author":8,"featured_media":2772,"parent":5617,"menu_order":0,"comment_status":"closed","ping_status":"closed","template":"","meta":{"ngg_post_thumbnail":0,"footnotes":""},"class_list":["post-5560","page","type-page","status-publish","has-post-thumbnail","hentry"],"yoast_head":"<!-- This site is optimized with the Yoast SEO plugin v27.2 - https:\/\/yoast.com\/product\/yoast-seo-wordpress\/ -->\n<title>Gastroenterology at Plodnost Intermed - Hospital Plodnost<\/title>\n<meta name=\"description\" content=\"Gastroenterology is a medical specialty focused on diagnosing, treating, and monitoring diseases of the digestive system. Gastroenterologists manage conditions affecting the oesophagus, stomach, liver, pancreas, bile ducts, intestines, rectum, and anus. Modern gastroenterology prioritises early diagnosis and prevention of inflammatory, metabolic, autoimmune, and tumour-related diseases.\" \/>\n<meta name=\"robots\" content=\"index, follow, max-snippet:-1, max-image-preview:large, max-video-preview:-1\" \/>\n<link rel=\"canonical\" href=\"https:\/\/plodnost.com.mk\/sq\/specialties\/plodnost-intermed\/gastroenterology\/\" \/>\n<meta property=\"og:locale\" content=\"sq_AL\" \/>\n<meta property=\"og:type\" content=\"article\" \/>\n<meta property=\"og:title\" content=\"Gastroenterology at Plodnost Intermed - Hospital Plodnost\" \/>\n<meta property=\"og:description\" content=\"Gastroenterology is a medical specialty focused on diagnosing, treating, and monitoring diseases of the digestive system. Gastroenterologists manage conditions affecting the oesophagus, stomach, liver, pancreas, bile ducts, intestines, rectum, and anus. Modern gastroenterology prioritises early diagnosis and prevention of inflammatory, metabolic, autoimmune, and tumour-related diseases.\" \/>\n<meta property=\"og:url\" content=\"https:\/\/plodnost.com.mk\/sq\/specialties\/plodnost-intermed\/gastroenterology\/\" \/>\n<meta property=\"og:site_name\" content=\"Hospital Plodnost\" \/>\n<meta property=\"article:modified_time\" content=\"2025-03-06T15:14:23+00:00\" \/>\n<meta property=\"og:image\" content=\"https:\/\/plodnost.com.mk\/wp-content\/uploads\/2021\/07\/Plodnost_0003_P3070911.jpg\" \/>\n\t<meta property=\"og:image:width\" content=\"1200\" \/>\n\t<meta property=\"og:image:height\" content=\"800\" \/>\n\t<meta property=\"og:image:type\" content=\"image\/jpeg\" \/>\n<meta name=\"twitter:card\" content=\"summary_large_image\" \/>\n<meta name=\"twitter:label1\" content=\"Est. reading time\" \/>\n\t<meta name=\"twitter:data1\" content=\"2 minuta\" \/>\n<script type=\"application\/ld+json\" class=\"yoast-schema-graph\">{\"@context\":\"https:\/\/schema.org\",\"@graph\":[{\"@type\":\"WebPage\",\"@id\":\"https:\/\/plodnost.com.mk\/specialties\/plodnost-intermed\/gastroenterology\/\",\"url\":\"https:\/\/plodnost.com.mk\/specialties\/plodnost-intermed\/gastroenterology\/\",\"name\":\"Gastroenterology at Plodnost Intermed - Hospital Plodnost\",\"isPartOf\":{\"@id\":\"https:\/\/plodnost.com.mk\/#website\"},\"primaryImageOfPage\":{\"@id\":\"https:\/\/plodnost.com.mk\/specialties\/plodnost-intermed\/gastroenterology\/#primaryimage\"},\"image\":{\"@id\":\"https:\/\/plodnost.com.mk\/specialties\/plodnost-intermed\/gastroenterology\/#primaryimage\"},\"thumbnailUrl\":\"https:\/\/plodnost.com.mk\/wp-content\/uploads\/2021\/07\/Plodnost_0003_P3070911.jpg\",\"datePublished\":\"2025-03-03T15:34:12+00:00\",\"dateModified\":\"2025-03-06T15:14:23+00:00\",\"description\":\"Gastroenterology is a medical specialty focused on diagnosing, treating, and monitoring diseases of the digestive system. Gastroenterologists manage conditions affecting the oesophagus, stomach, liver, pancreas, bile ducts, intestines, rectum, and anus. Modern gastroenterology prioritises early diagnosis and prevention of inflammatory, metabolic, autoimmune, and tumour-related diseases.\",\"breadcrumb\":{\"@id\":\"https:\/\/plodnost.com.mk\/specialties\/plodnost-intermed\/gastroenterology\/#breadcrumb\"},\"inLanguage\":\"sq\",\"potentialAction\":[{\"@type\":\"ReadAction\",\"target\":[\"https:\/\/plodnost.com.mk\/specialties\/plodnost-intermed\/gastroenterology\/\"]}]},{\"@type\":\"ImageObject\",\"inLanguage\":\"sq\",\"@id\":\"https:\/\/plodnost.com.mk\/specialties\/plodnost-intermed\/gastroenterology\/#primaryimage\",\"url\":\"https:\/\/plodnost.com.mk\/wp-content\/uploads\/2021\/07\/Plodnost_0003_P3070911.jpg\",\"contentUrl\":\"https:\/\/plodnost.com.mk\/wp-content\/uploads\/2021\/07\/Plodnost_0003_P3070911.jpg\",\"width\":1200,\"height\":800},{\"@type\":\"BreadcrumbList\",\"@id\":\"https:\/\/plodnost.com.mk\/specialties\/plodnost-intermed\/gastroenterology\/#breadcrumb\",\"itemListElement\":[{\"@type\":\"ListItem\",\"position\":1,\"name\":\"Home\",\"item\":\"https:\/\/plodnost.com.mk\/\"},{\"@type\":\"ListItem\",\"position\":2,\"name\":\"Specialty\",\"item\":\"https:\/\/plodnost.com.mk\/specialties\/\"},{\"@type\":\"ListItem\",\"position\":3,\"name\":\"Plodnost Intermed\",\"item\":\"https:\/\/plodnost.com.mk\/specialties\/plodnost-intermed\/\"},{\"@type\":\"ListItem\",\"position\":4,\"name\":\"Gastroenterology at Plodnost Intermed\"}]},{\"@type\":\"WebSite\",\"@id\":\"https:\/\/plodnost.com.mk\/#website\",\"url\":\"https:\/\/plodnost.com.mk\/\",\"name\":\"Hospital Plodnost\",\"description\":\"In-vitro Fertilisation (IVF) | Obstetrics and Gynaecology | Women&#039;s Hospital\",\"potentialAction\":[{\"@type\":\"SearchAction\",\"target\":{\"@type\":\"EntryPoint\",\"urlTemplate\":\"https:\/\/plodnost.com.mk\/?s={search_term_string}\"},\"query-input\":{\"@type\":\"PropertyValueSpecification\",\"valueRequired\":true,\"valueName\":\"search_term_string\"}}],\"inLanguage\":\"sq\"}]}<\/script>\n<!-- \/ Yoast SEO plugin. -->","yoast_head_json":{"title":"Gastroenterology at Plodnost Intermed - Hospital Plodnost","description":"Gastroenterologjia \u00ebsht\u00eb nj\u00eb specialitet mjek\u00ebsor q\u00eb merret me diagnostikimin, trajtimin dhe monitorimin e s\u00ebmundjeve t\u00eb sistemit tret\u00ebs. Gastroenterolog\u00ebt trajtojn\u00eb s\u00ebmundje q\u00eb prekin ezofagun, stomakun, m\u00ebl\u00e7in\u00eb, pankreasin, kanalet biliare, zorr\u00ebt, rektumin dhe anusin. Objektivat e gastroenterologjis\u00eb moderne p\u00ebrfshijn\u00eb diagnostikimin dhe parandalimin e hersh\u00ebm t\u00eb s\u00ebmundjeve inflamatore, metabolike, autoimune dhe tumorale.","robots":{"index":"index","follow":"follow","max-snippet":"max-snippet:-1","max-image-preview":"max-image-preview:large","max-video-preview":"max-video-preview:-1"},"canonical":"https:\/\/plodnost.com.mk\/sq\/specialties\/plodnost-intermed\/gastroenterology\/","og_locale":"sq_AL","og_type":"article","og_title":"Gastroenterology at Plodnost Intermed - Hospital Plodnost","og_description":"Gastroenterology is a medical specialty focused on diagnosing, treating, and monitoring diseases of the digestive system. Gastroenterologists manage conditions affecting the oesophagus, stomach, liver, pancreas, bile ducts, intestines, rectum, and anus. Modern gastroenterology prioritises early diagnosis and prevention of inflammatory, metabolic, autoimmune, and tumour-related diseases.","og_url":"https:\/\/plodnost.com.mk\/sq\/specialties\/plodnost-intermed\/gastroenterology\/","og_site_name":"Hospital Plodnost","article_modified_time":"2025-03-06T15:14:23+00:00","og_image":[{"width":1200,"height":800,"url":"https:\/\/plodnost.com.mk\/wp-content\/uploads\/2021\/07\/Plodnost_0003_P3070911.jpg","type":"image\/jpeg"}],"twitter_card":"summary_large_image","twitter_misc":{"Est. reading time":"2 minuta"},"schema":{"@context":"https:\/\/schema.org","@graph":[{"@type":"WebPage","@id":"https:\/\/plodnost.com.mk\/specialties\/plodnost-intermed\/gastroenterology\/","url":"https:\/\/plodnost.com.mk\/specialties\/plodnost-intermed\/gastroenterology\/","name":"Gastroenterology at Plodnost Intermed - Hospital Plodnost","isPartOf":{"@id":"https:\/\/plodnost.com.mk\/#website"},"primaryImageOfPage":{"@id":"https:\/\/plodnost.com.mk\/specialties\/plodnost-intermed\/gastroenterology\/#primaryimage"},"image":{"@id":"https:\/\/plodnost.com.mk\/specialties\/plodnost-intermed\/gastroenterology\/#primaryimage"},"thumbnailUrl":"https:\/\/plodnost.com.mk\/wp-content\/uploads\/2021\/07\/Plodnost_0003_P3070911.jpg","datePublished":"2025-03-03T15:34:12+00:00","dateModified":"2025-03-06T15:14:23+00:00","description":"Gastroenterologjia \u00ebsht\u00eb nj\u00eb specialitet mjek\u00ebsor q\u00eb merret me diagnostikimin, trajtimin dhe monitorimin e s\u00ebmundjeve t\u00eb sistemit tret\u00ebs. Gastroenterolog\u00ebt trajtojn\u00eb s\u00ebmundje q\u00eb prekin ezofagun, stomakun, m\u00ebl\u00e7in\u00eb, pankreasin, kanalet biliare, zorr\u00ebt, rektumin dhe anusin. Objektivat e gastroenterologjis\u00eb moderne p\u00ebrfshijn\u00eb diagnostikimin dhe parandalimin e hersh\u00ebm t\u00eb s\u00ebmundjeve inflamatore, metabolike, autoimune dhe tumorale.","breadcrumb":{"@id":"https:\/\/plodnost.com.mk\/specialties\/plodnost-intermed\/gastroenterology\/#breadcrumb"},"inLanguage":"sq","potentialAction":[{"@type":"ReadAction","target":["https:\/\/plodnost.com.mk\/specialties\/plodnost-intermed\/gastroenterology\/"]}]},{"@type":"ImageObject","inLanguage":"sq","@id":"https:\/\/plodnost.com.mk\/specialties\/plodnost-intermed\/gastroenterology\/#primaryimage","url":"https:\/\/plodnost.com.mk\/wp-content\/uploads\/2021\/07\/Plodnost_0003_P3070911.jpg","contentUrl":"https:\/\/plodnost.com.mk\/wp-content\/uploads\/2021\/07\/Plodnost_0003_P3070911.jpg","width":1200,"height":800},{"@type":"BreadcrumbList","@id":"https:\/\/plodnost.com.mk\/specialties\/plodnost-intermed\/gastroenterology\/#breadcrumb","itemListElement":[{"@type":"ListItem","position":1,"name":"Home","item":"https:\/\/plodnost.com.mk\/"},{"@type":"ListItem","position":2,"name":"Specialty","item":"https:\/\/plodnost.com.mk\/specialties\/"},{"@type":"ListItem","position":3,"name":"Plodnost Intermed","item":"https:\/\/plodnost.com.mk\/specialties\/plodnost-intermed\/"},{"@type":"ListItem","position":4,"name":"Gastroenterology at Plodnost Intermed"}]},{"@type":"WebSite","@id":"https:\/\/plodnost.com.mk\/#website","url":"https:\/\/plodnost.com.mk\/","name":"Spitalin Plodnost","description":"In-vitro Fertilisation (IVF) | Obstetrics and Gynaecology | Women&#039;s Hospital","potentialAction":[{"@type":"SearchAction","target":{"@type":"EntryPoint","urlTemplate":"https:\/\/plodnost.com.mk\/?s={search_term_string}"},"query-input":{"@type":"PropertyValueSpecification","valueRequired":true,"valueName":"search_term_string"}}],"inLanguage":"sq"}]}},"_links":{"self":[{"href":"https:\/\/plodnost.com.mk\/sq\/wp-json\/wp\/v2\/pages\/5560","targetHints":{"allow":["GET"]}}],"collection":[{"href":"https:\/\/plodnost.com.mk\/sq\/wp-json\/wp\/v2\/pages"}],"about":[{"href":"https:\/\/plodnost.com.mk\/sq\/wp-json\/wp\/v2\/types\/page"}],"author":[{"embeddable":true,"href":"https:\/\/plodnost.com.mk\/sq\/wp-json\/wp\/v2\/users\/8"}],"replies":[{"embeddable":true,"href":"https:\/\/plodnost.com.mk\/sq\/wp-json\/wp\/v2\/comments?post=5560"}],"version-history":[{"count":5,"href":"https:\/\/plodnost.com.mk\/sq\/wp-json\/wp\/v2\/pages\/5560\/revisions"}],"predecessor-version":[{"id":5568,"href":"https:\/\/plodnost.com.mk\/sq\/wp-json\/wp\/v2\/pages\/5560\/revisions\/5568"}],"up":[{"embeddable":true,"href":"https:\/\/plodnost.com.mk\/sq\/wp-json\/wp\/v2\/pages\/5617"}],"wp:featuredmedia":[{"embeddable":true,"href":"https:\/\/plodnost.com.mk\/sq\/wp-json\/wp\/v2\/media\/2772"}],"wp:attachment":[{"href":"https:\/\/plodnost.com.mk\/sq\/wp-json\/wp\/v2\/media?parent=5560"}],"curies":[{"name":"wp","href":"https:\/\/api.w.org\/{rel}","templated":true}]}}