{"id":4239,"date":"2023-07-17T11:37:04","date_gmt":"2023-07-17T09:37:04","guid":{"rendered":"https:\/\/plodnost.com.mk\/?page_id=4239"},"modified":"2025-03-21T13:10:53","modified_gmt":"2025-03-21T12:10:53","slug":"dr-ana-vangelov","status":"publish","type":"page","link":"https:\/\/plodnost.com.mk\/sq\/doctors\/dr-ana-vangelov\/","title":{"rendered":"D-r Ana Vangelov"},"content":{"rendered":"<p><section id=\"bt_section69e37b1f7da10\"  class=\"boldSection topSemiSpaced btDarkSkin gutter inherit bt_bb_hidden_xs bt_bb_hidden_ms bt_bb_hidden_sm bt_bb_hidden_md bt_bb_hidden_lg\" style=\"background-color:#e10f28;\"><div class=\"port\"><div class=\"boldCell\"><div class=\"boldCellInner\"><div class=\"boldRow\" ><div class=\"boldRowInner\"><div class=\"rowItem col-md-12 col-ms-12  btTextLeft btBottomVertical\"  ><div class=\"rowItemContent\" ><header class=\"header btClear large  btNormalDash\" ><div class=\"btSubTitle\">Dr. Tase Trpcevski has performed over 5000 laparoscopic and hysteroscopic surgeries. He is a pioneer in laparoscopic surgery in Macedonia &#8211; in 1995 he introduced for the first time in our country operative laparoscopy as a method for treatment of human reproduction and all types of diseases of the genital organs.<\/p><br><p>Since 2003, he introduces the method of in vitro fertilization (IVF) in Bitola for the first time. So far, he has performed more than 8000 IVF procedures and has made more than 3000 families happy with the methods of human reproduction (conservative, assisted and surgical). The results are comparable to those of well-known names in the field of reproductive technologies.<\/div><\/header><div class=\"btClear btSeparator topExtraSmallSpaced bottomSemiSpaced noBorder\" ><hr><\/div><\/div><\/div><\/div><\/div><\/div><\/div><\/div><\/section><section id=\"bt_section69e37b1f7db66\"  class=\"boldSection topSpaced bottomExtraSmallSpaced gutter inherit\" ><div class=\"port\"><div class=\"boldCell\"><div class=\"boldCellInner\"><div class=\"boldRow\" ><div class=\"boldRowInner\"><div class=\"rowItem col-md-12 col-ms-12  btTextLeft btTextIndent inherit\"  ><div class=\"rowItemContent\" ><div class=\"boldRow boldInnerRow\" ><div class=\"rowItem rowInnerItem col-md-8  btTextLeft\"  ><div class=\"rowItemContent\"><div class=\"btText\" ><\/p>\n<h3>Education:<\/h3>\n<p>Faculty of Medicine in Belgrade<br \/>\nUniversity of Belgrade, Republic of Serbia<\/p>\n<p>\n<\/div><div class=\"btClear btSeparator topSmallSpaced noBorder\" ><hr><\/div><div class=\"btText\" ><\/p>\n<h3>Languages:<\/h3>\n<p><strong>Serbian<\/strong> (mother tongue)<br \/>\n<strong>Macedonian<\/strong> (speaks, reads, writes)<\/p>\n<p><strong>English<\/strong> (speaks, reads, writes)<\/p>\n<p>\n<\/div><div class=\"btClear btSeparator topSmallSpaced noBorder\" ><hr><\/div><div class=\"btText\" ><\/p>\n<h3>Contact Details<\/h3>\n<p>Email: info@plodnost.com.mk<\/p>\n<p>\n<\/div><\/div><\/div><div class=\"rowItem rowInnerItem col-md-4  btTextLeft\"  ><div class=\"rowItemContent\"><div class=\"bpgPhoto btTextCenter\" ><div class=\"btImage\"><img decoding=\"async\" src=\"https:\/\/plodnost.com.mk\/wp-content\/uploads\/2024\/10\/zdr-4222.jpg\" alt=\"\u041c-\u0440 \u0414-\u0440 \u0410\u043d\u0430 \u0412\u0430\u043d\u0433\u0435\u043b\u043e\u0432\" title=\"\u041c-\u0440 \u0414-\u0440 \u0410\u043d\u0430 \u0412\u0430\u043d\u0433\u0435\u043b\u043e\u0432\"><\/div><\/div><div class=\"btClear btSeparator topSemiSpaced bottomSemiSpaced noBorder\" ><hr><\/div><\/div><\/div><\/div><div class=\"btClear btSeparator bottomSemiSpaced noBorder bt_bb_hidden_md bt_bb_hidden_lg\" ><hr><\/div><\/div><\/div><\/div><\/div><\/div><\/div><\/div><\/section><section id=\"bt_section69e37b1f7e03f\"  class=\"boldSection topSpaced bottomSpaced btDarkSkin gutter inherit wBackground cover\" style=\"background-color:#282828;background-image:url('https:\/\/plodnost.com.mk\/wp-content\/uploads\/2018\/02\/bgn-dark-gray-heart.jpg');\"><div class=\"port\"><div class=\"boldCell\"><div class=\"boldCellInner\"><div class=\"boldRow\" ><div class=\"boldRowInner\"><div class=\"rowItem col-md-4 col-ms-12 btTextLeft btTopVertical\"  ><div class=\"rowItemContent\" ><header class=\"header btClear large btDash topDash  btAccentDash\" ><div class=\"btSuperTitle\">RESEARCH PAPERS AND AWARDS<\/div><div class=\"dash\"><h2><span class=\"headline\"><b class=\"animate\">Chase<\/b> <em>up close<\/em><\/span><\/h2><\/div><\/header><div class=\"btClear btSeparator bottomSemiSpaced noBorder bt_bb_hidden_md bt_bb_hidden_lg\" ><hr><\/div><\/div><\/div><div class=\"rowItem col-md-8 col-ms-12 btTextLeft animate animate-fadein animate-moveright btTopVertical btDoublePadding\"  ><div class=\"rowItemContent\" ><div class=\"btTabs tabsHorizontal\" \"><ul class=\"tabsHeader\"><li><span>Work experience<\/span><\/li><li><span>Awards &amp; Honours<\/span><\/li><\/ul><div class=\"tabPanes tabPanesTabs\"><div class=\"tabPane\">\r\n\t\t\t<div class=\"tabAccordionContent\"><\/p>\n<p><strong>Date<\/strong><br \/>\nHospital Plodnost- Bitola<br \/>\nPrivate Hospital for Gynaecology and Obstetrics<br \/>\nIVF Center for Reproductive Medicine<br \/>\nSpecialist in Gynecology and Obstetrics<\/p>\n<p>\n<\/div>\r\n\t\t<\/div><div class=\"tabPane\">\r\n\t\t\t<div class=\"tabAccordionContent\"><\/div>\r\n\t\t<\/div><\/div><\/div><\/div><\/div><\/div><\/div><\/div><\/div><\/div><\/section><section id=\"bt_section69e37b1f7e204\"  class=\"boldSection topSpaced bottomSpaced gutter inherit\" ><div class=\"port\"><div class=\"boldCell\"><div class=\"boldCellInner\"><div class=\"boldRow\" ><div class=\"boldRowInner\"><div class=\"rowItem col-md-12 col-ms-12  btTextLeft btTextIndent inherit\"  ><div class=\"rowItemContent\" ><div class=\"btClear btSeparator topSmallSpaced bottomSemiSpaced border\" ><hr><\/div><div class=\"boldRow boldInnerRow\" ><div class=\"rowItem rowInnerItem col-md-6  btTextLeft\"  ><div class=\"rowItemContent\"><div class=\"btText\" ><\/p>\n<h3>Training<\/h3>\n<p>&nbsp;<\/p>\n<p>\n<\/div><div class=\"btClear btSeparator topSmallSpaced noBorder\" ><hr><\/div><\/div><\/div><div class=\"rowItem rowInnerItem col-md-6  btTextLeft\"  ><div class=\"rowItemContent\"><div class=\"btText\" ><\/p>\n<h3>Seminars<\/h3>\n<p>&nbsp;<\/p>\n<p>\n<\/div><\/div><\/div><\/div><div class=\"btClear btSeparator bottomSemiSpaced noBorder bt_bb_hidden_md bt_bb_hidden_lg\" ><hr><\/div><\/div><\/div><\/div><\/div><\/div><\/div><\/div><\/section><section id=\"bt_section69e37b1f7e38d\"  class=\"boldSection topSpaced bottomSpaced gutter inherit\" ><div class=\"port\"><div class=\"boldCell\"><div class=\"boldCellInner\"><div class=\"boldRow\" ><div class=\"boldRowInner\"><div class=\"rowItem col-md-8 col-ms-12 btTextLeft animate animate-fadein animate-moveleft inherit\"  ><div class=\"rowItemContent\" ><div class=\"btClear btSeparator bottomSemiSpaced noBorder\" ><hr><\/div><header class=\"header btClear extralarge btDash topDash  btAccentDash\" ><div class=\"btSuperTitle\">\u00c7FAR\u00cb THON\u00cb PACIENT\u00cbT TAN\u00cb<\/div><div class=\"dash\"><h1><span class=\"headline\"><em>Fjal\u00ebt<\/em> <b class=\"animate\">e pacient\u00ebve<\/b><\/span><\/h1><\/div><div class=\"btSubTitle\">Ndani udh\u00ebtimin tuaj dhe historin\u00eb e suksesit me ne, padyshim q\u00eb kjo u rrit sigurin\u00eb familjeve t\u00eb tjera q\u00eb luftojn\u00eb infertilitetin dhe u jep shpres\u00eb se t\u00eb b\u00ebhesh prind \u00ebsht\u00eb shum\u00eb e mundur.<\/div><\/header><div class=\"btClear btSeparator bottomSemiSpaced noBorder\" ><hr><\/div><\/div><\/div><div class=\"rowItem col-md-4 col-ms-12 btTextLeft\"  ><div class=\"rowItemContent\" ><\/div><\/div><\/div><\/div><div class=\"boldRow\" ><div class=\"boldRowInner\"><div class=\"rowItem btRightBorder col-md-4 col-ms-12 btTextCenter animate animate-fadein inherit btDoublePadding\"  ><div class=\"rowItemContent\" ><div class=\"btClear btSeparator bottomSemiSpaced noBorder\" ><hr><\/div><div class=\"btText\" ><\/p>\n<p>Rasti i par\u00eb i suksessh\u00ebm n\u00eb Maqedoni! Lindi foshnja e par\u00eb nga nj\u00eb paciente q\u00eb vuante nga fibroza cistike e fekonduar me IVF n\u00eb Spitalin Plodnost.<\/p>\n<p>\n<\/div><div class=\"btClear btSeparator bottomSmallSpaced noBorder\" ><hr><\/div><header class=\"header btClear small  btNormalDash\" ><div class=\"dash\"><h4><span class=\"headline\"><b class=\"animate\">Pacient<\/b><\/span><\/h4><\/div><\/header><div class=\"btClear btSeparator bottomSemiSpaced noBorder bt_bb_hidden_xs bt_bb_hidden_ms bt_bb_hidden_sm\" ><hr><\/div><\/div><\/div><div class=\"rowItem btRightBorder col-md-4 col-ms-12 btTextCenter animate animate-fadein inherit btDoublePadding\"  ><div class=\"rowItemContent\" ><div class=\"btClear btSeparator bottomSemiSpaced noBorder\" ><hr><\/div><div class=\"btText\" ><\/p>\n<div class=\"btText\">Shtatz\u00ebnia dhe lindja e suksesshme me binjak\u00eb   \ud83d\udc7c\ud83c\udffb\ud83d\udc7c\ud83c\udffbpas cerklazhit laparoskopik abdominal dhe fekondimit in vitro<\/div>\n<p>\n<\/div><div class=\"btClear btSeparator bottomSmallSpaced noBorder\" ><hr><\/div><header class=\"header btClear small  btNormalDash\" ><div class=\"dash\"><h4><span class=\"headline\"><b class=\"animate\">Pacient<\/b><\/span><\/h4><\/div><\/header><div class=\"btClear btSeparator bottomSemiSpaced noBorder bt_bb_hidden_xs bt_bb_hidden_ms bt_bb_hidden_sm\" ><hr><\/div><\/div><\/div><div class=\"rowItem col-md-4 col-ms-12 btTextCenter animate animate-fadein inherit btDoublePadding\"  ><div class=\"rowItemContent\" ><div class=\"btClear btSeparator bottomSemiSpaced noBorder\" ><hr><\/div><div class=\"btText\" ><\/p>\n<p>Ajo q\u00eb ishte d\u00ebshira m\u00eb e madhe e k\u00ebtyre prind\u00ebrve nj\u00eb vit m\u00eb par\u00eb, sot \u00ebsht\u00eb b\u00ebr\u00eb realitet! \u00cbndrra e tyre u realizua me fertilizimin in vitro q\u00eb sot t\u00eb lindin k\u00ebto binjake t\u00eb bukura Kirjana dhe Sirma<\/p>\n<p>\n<\/div><header class=\"header btClear small  btNormalDash\" ><div class=\"dash\"><h4><span class=\"headline\"><b class=\"animate\">Pacient<\/b><\/span><\/h4><\/div><\/header><div class=\"btClear btSeparator bottomSemiSpaced noBorder bt_bb_hidden_xs bt_bb_hidden_ms bt_bb_hidden_sm\" ><hr><\/div><\/div><\/div><\/div><\/div><\/div><\/div><\/div><\/section><section id=\"bt_section69e37b1f7e622\"  class=\"boldSection gutter\" ><div class=\"port\"><div class=\"boldCell\"><div class=\"boldCellInner\"><\/div><\/div><\/div><\/section><\/p>","protected":false},"excerpt":{"rendered":"","protected":false},"author":7,"featured_media":3239,"parent":8,"menu_order":0,"comment_status":"closed","ping_status":"closed","template":"","meta":{"ngg_post_thumbnail":0,"footnotes":""},"class_list":["post-4239","page","type-page","status-publish","has-post-thumbnail","hentry"],"yoast_head":"<!-- This site is optimized with the Yoast SEO plugin v27.2 - https:\/\/yoast.com\/product\/yoast-seo-wordpress\/ -->\n<title>D-r Ana Vangelov - Hospital Plodnost<\/title>\n<meta name=\"robots\" content=\"index, follow, max-snippet:-1, max-image-preview:large, max-video-preview:-1\" \/>\n<link rel=\"canonical\" href=\"https:\/\/plodnost.com.mk\/sq\/doctors\/dr-ana-vangelov\/\" \/>\n<meta property=\"og:locale\" content=\"sq_AL\" \/>\n<meta property=\"og:type\" content=\"article\" \/>\n<meta property=\"og:title\" content=\"D-r Ana Vangelov - Hospital Plodnost\" \/>\n<meta property=\"og:url\" content=\"https:\/\/plodnost.com.mk\/sq\/doctors\/dr-ana-vangelov\/\" \/>\n<meta property=\"og:site_name\" content=\"Hospital Plodnost\" \/>\n<meta property=\"article:modified_time\" content=\"2025-03-21T12:10:53+00:00\" \/>\n<meta property=\"og:image\" content=\"https:\/\/plodnost.com.mk\/wp-content\/uploads\/2021\/12\/plodnost-header_0034_Plodnost_0011_P3070876.jpg\" \/>\n\t<meta property=\"og:image:width\" content=\"1200\" \/>\n\t<meta property=\"og:image:height\" content=\"420\" \/>\n\t<meta property=\"og:image:type\" content=\"image\/jpeg\" \/>\n<meta name=\"twitter:card\" content=\"summary_large_image\" \/>\n<meta name=\"twitter:label1\" content=\"Est. reading time\" \/>\n\t<meta name=\"twitter:data1\" content=\"2 minuta\" \/>\n<script type=\"application\/ld+json\" class=\"yoast-schema-graph\">{\"@context\":\"https:\/\/schema.org\",\"@graph\":[{\"@type\":\"WebPage\",\"@id\":\"https:\/\/plodnost.com.mk\/doctors\/dr-ana-vangelov\/\",\"url\":\"https:\/\/plodnost.com.mk\/doctors\/dr-ana-vangelov\/\",\"name\":\"D-r Ana Vangelov - Hospital Plodnost\",\"isPartOf\":{\"@id\":\"https:\/\/plodnost.com.mk\/#website\"},\"primaryImageOfPage\":{\"@id\":\"https:\/\/plodnost.com.mk\/doctors\/dr-ana-vangelov\/#primaryimage\"},\"image\":{\"@id\":\"https:\/\/plodnost.com.mk\/doctors\/dr-ana-vangelov\/#primaryimage\"},\"thumbnailUrl\":\"https:\/\/plodnost.com.mk\/wp-content\/uploads\/2021\/12\/plodnost-header_0034_Plodnost_0011_P3070876.jpg\",\"datePublished\":\"2023-07-17T09:37:04+00:00\",\"dateModified\":\"2025-03-21T12:10:53+00:00\",\"breadcrumb\":{\"@id\":\"https:\/\/plodnost.com.mk\/doctors\/dr-ana-vangelov\/#breadcrumb\"},\"inLanguage\":\"sq\",\"potentialAction\":[{\"@type\":\"ReadAction\",\"target\":[\"https:\/\/plodnost.com.mk\/doctors\/dr-ana-vangelov\/\"]}]},{\"@type\":\"ImageObject\",\"inLanguage\":\"sq\",\"@id\":\"https:\/\/plodnost.com.mk\/doctors\/dr-ana-vangelov\/#primaryimage\",\"url\":\"https:\/\/plodnost.com.mk\/wp-content\/uploads\/2021\/12\/plodnost-header_0034_Plodnost_0011_P3070876.jpg\",\"contentUrl\":\"https:\/\/plodnost.com.mk\/wp-content\/uploads\/2021\/12\/plodnost-header_0034_Plodnost_0011_P3070876.jpg\",\"width\":1200,\"height\":420},{\"@type\":\"BreadcrumbList\",\"@id\":\"https:\/\/plodnost.com.mk\/doctors\/dr-ana-vangelov\/#breadcrumb\",\"itemListElement\":[{\"@type\":\"ListItem\",\"position\":1,\"name\":\"Home\",\"item\":\"https:\/\/plodnost.com.mk\/\"},{\"@type\":\"ListItem\",\"position\":2,\"name\":\"Doctors\",\"item\":\"https:\/\/plodnost.com.mk\/doctors\/\"},{\"@type\":\"ListItem\",\"position\":3,\"name\":\"D-r Ana Vangelov\"}]},{\"@type\":\"WebSite\",\"@id\":\"https:\/\/plodnost.com.mk\/#website\",\"url\":\"https:\/\/plodnost.com.mk\/\",\"name\":\"Hospital Plodnost\",\"description\":\"In-vitro Fertilisation (IVF) | Obstetrics and Gynaecology | Women&#039;s Hospital\",\"potentialAction\":[{\"@type\":\"SearchAction\",\"target\":{\"@type\":\"EntryPoint\",\"urlTemplate\":\"https:\/\/plodnost.com.mk\/?s={search_term_string}\"},\"query-input\":{\"@type\":\"PropertyValueSpecification\",\"valueRequired\":true,\"valueName\":\"search_term_string\"}}],\"inLanguage\":\"sq\"}]}<\/script>\n<!-- \/ Yoast SEO plugin. -->","yoast_head_json":{"title":"D-r Ana Vangelov - Hospital Plodnost","robots":{"index":"index","follow":"follow","max-snippet":"max-snippet:-1","max-image-preview":"max-image-preview:large","max-video-preview":"max-video-preview:-1"},"canonical":"https:\/\/plodnost.com.mk\/sq\/doctors\/dr-ana-vangelov\/","og_locale":"sq_AL","og_type":"article","og_title":"D-r Ana Vangelov - Hospital Plodnost","og_url":"https:\/\/plodnost.com.mk\/sq\/doctors\/dr-ana-vangelov\/","og_site_name":"Hospital Plodnost","article_modified_time":"2025-03-21T12:10:53+00:00","og_image":[{"width":1200,"height":420,"url":"https:\/\/plodnost.com.mk\/wp-content\/uploads\/2021\/12\/plodnost-header_0034_Plodnost_0011_P3070876.jpg","type":"image\/jpeg"}],"twitter_card":"summary_large_image","twitter_misc":{"Est. reading time":"2 minuta"},"schema":{"@context":"https:\/\/schema.org","@graph":[{"@type":"WebPage","@id":"https:\/\/plodnost.com.mk\/doctors\/dr-ana-vangelov\/","url":"https:\/\/plodnost.com.mk\/doctors\/dr-ana-vangelov\/","name":"D-r Ana Vangelov - Hospital Plodnost","isPartOf":{"@id":"https:\/\/plodnost.com.mk\/#website"},"primaryImageOfPage":{"@id":"https:\/\/plodnost.com.mk\/doctors\/dr-ana-vangelov\/#primaryimage"},"image":{"@id":"https:\/\/plodnost.com.mk\/doctors\/dr-ana-vangelov\/#primaryimage"},"thumbnailUrl":"https:\/\/plodnost.com.mk\/wp-content\/uploads\/2021\/12\/plodnost-header_0034_Plodnost_0011_P3070876.jpg","datePublished":"2023-07-17T09:37:04+00:00","dateModified":"2025-03-21T12:10:53+00:00","breadcrumb":{"@id":"https:\/\/plodnost.com.mk\/doctors\/dr-ana-vangelov\/#breadcrumb"},"inLanguage":"sq","potentialAction":[{"@type":"ReadAction","target":["https:\/\/plodnost.com.mk\/doctors\/dr-ana-vangelov\/"]}]},{"@type":"ImageObject","inLanguage":"sq","@id":"https:\/\/plodnost.com.mk\/doctors\/dr-ana-vangelov\/#primaryimage","url":"https:\/\/plodnost.com.mk\/wp-content\/uploads\/2021\/12\/plodnost-header_0034_Plodnost_0011_P3070876.jpg","contentUrl":"https:\/\/plodnost.com.mk\/wp-content\/uploads\/2021\/12\/plodnost-header_0034_Plodnost_0011_P3070876.jpg","width":1200,"height":420},{"@type":"BreadcrumbList","@id":"https:\/\/plodnost.com.mk\/doctors\/dr-ana-vangelov\/#breadcrumb","itemListElement":[{"@type":"ListItem","position":1,"name":"Home","item":"https:\/\/plodnost.com.mk\/"},{"@type":"ListItem","position":2,"name":"Doctors","item":"https:\/\/plodnost.com.mk\/doctors\/"},{"@type":"ListItem","position":3,"name":"D-r Ana Vangelov"}]},{"@type":"WebSite","@id":"https:\/\/plodnost.com.mk\/#website","url":"https:\/\/plodnost.com.mk\/","name":"Spitalin Plodnost","description":"In-vitro Fertilisation (IVF) | Obstetrics and Gynaecology | Women&#039;s Hospital","potentialAction":[{"@type":"SearchAction","target":{"@type":"EntryPoint","urlTemplate":"https:\/\/plodnost.com.mk\/?s={search_term_string}"},"query-input":{"@type":"PropertyValueSpecification","valueRequired":true,"valueName":"search_term_string"}}],"inLanguage":"sq"}]}},"_links":{"self":[{"href":"https:\/\/plodnost.com.mk\/sq\/wp-json\/wp\/v2\/pages\/4239","targetHints":{"allow":["GET"]}}],"collection":[{"href":"https:\/\/plodnost.com.mk\/sq\/wp-json\/wp\/v2\/pages"}],"about":[{"href":"https:\/\/plodnost.com.mk\/sq\/wp-json\/wp\/v2\/types\/page"}],"author":[{"embeddable":true,"href":"https:\/\/plodnost.com.mk\/sq\/wp-json\/wp\/v2\/users\/7"}],"replies":[{"embeddable":true,"href":"https:\/\/plodnost.com.mk\/sq\/wp-json\/wp\/v2\/comments?post=4239"}],"version-history":[{"count":4,"href":"https:\/\/plodnost.com.mk\/sq\/wp-json\/wp\/v2\/pages\/4239\/revisions"}],"predecessor-version":[{"id":6825,"href":"https:\/\/plodnost.com.mk\/sq\/wp-json\/wp\/v2\/pages\/4239\/revisions\/6825"}],"up":[{"embeddable":true,"href":"https:\/\/plodnost.com.mk\/sq\/wp-json\/wp\/v2\/pages\/8"}],"wp:featuredmedia":[{"embeddable":true,"href":"https:\/\/plodnost.com.mk\/sq\/wp-json\/wp\/v2\/media\/3239"}],"wp:attachment":[{"href":"https:\/\/plodnost.com.mk\/sq\/wp-json\/wp\/v2\/media?parent=4239"}],"curies":[{"name":"wp","href":"https:\/\/api.w.org\/{rel}","templated":true}]}}