{"id":4217,"date":"2023-03-26T17:11:46","date_gmt":"2023-03-26T15:11:46","guid":{"rendered":"https:\/\/plodnost.com.mk\/?page_id=4217"},"modified":"2026-02-05T09:04:57","modified_gmt":"2026-02-05T08:04:57","slug":"public-information","status":"publish","type":"page","link":"https:\/\/plodnost.com.mk\/sq\/about-us\/public-information\/","title":{"rendered":"Informata t\u00eb karakterit publik"},"content":{"rendered":"<section id=\"bt_section69e74bb626f70\"  class=\"boldSection gutter\" ><div class=\"port\"><div class=\"boldCell\"><div class=\"boldCellInner\"><div class=\"boldRow\" ><div class=\"boldRowInner\"><div class=\"rowItem col-md-12 col-ms-12  btTextLeft\"  ><div class=\"rowItemContent\" ><div class=\"btClear btSeparator topSemiSpaced bottomSemiSpaced noBorder\" ><hr><\/div><div class=\"btText\" ><\/p>\n<h3><span class=\"s1\">Public information and transparency<\/span><\/h3>\n<p><strong><span class=\"s1\">Holder of public information: <br \/><\/span><\/strong><span class=\"s2\">The holder of public information is:<\/span><\/p>\n<p><strong>Hospital Plodnost- Bitola<\/strong><\/p>\n<p>Private Hospital for Gynaecology and Obstetrics<\/p>\n<p>IVF Center for Reproductive Medicine and Advanced Laparoscopy<\/p>\n<p><strong>Headquarters:<\/strong> 9 Asnom Street, Bitola, North Macedonia<\/p>\n<p><strong>Director:<\/strong> Prim. DR. Tashe Trp\u00e7evski<\/p>\n<p><strong>Email:<\/strong> <a href=\"mailto:info@plodnost.com.mk\">info@plodnost.com.mk<\/a><\/p>\n<p><strong>Tel:<\/strong> +389 (0)47 208 880; <strong>mob:<\/strong> +389 (0)75 472 503<\/p>\n<p><strong>Website:<\/strong> <a href=\"https:\/\/plodnost.com.mk\/sq\/\">https:\/\/plodnost.com.mk\/<\/a><\/p>\n<h4><strong>Personi zyrtar p\u00ebr nd\u00ebrmjet\u00ebsim me informatat e k\u00ebrkueseve t\u00eb informatave t\u00eb karakterit publik:<\/strong><\/h4>\n<p><span class=\"s1\">Responsible for handling requests for access to public information.<\/span><\/p>\n<p><span class=\"s2\"><strong>Olivera Markovska<br \/><\/strong><\/span><\/p>\n<p><span class=\"s2\">Administrator \u2013 designated officer for free access to public information<br \/><\/span><\/p>\n<p><span class=\"s2\"><strong>e-mail:<\/strong> <a href=\"mailto:oliveramarkovska@hotmail.com\">oliveramarkovska@hotmail.com<\/a><\/span><\/p>\n<p><span class=\"s1\">Submitting a request for access to public information<\/span><\/p>\n<p><span class=\"s2\">Requests for access to public information may be submitted:<\/span><\/p>\n<ul>\n<li><span class=\"s1\">in person at the premises of the institution<\/span><\/li>\n<li><span class=\"s1\">by post<\/span><\/li>\n<li class=\"p1\"><span class=\"s1\">by email to: <span class=\"s2\"><a href=\"mailto:oliveramarkovska@hotmail.com\">oliveramarkovska@hotmail.com<\/a><\/span><\/span><\/li>\n<\/ul>\n<p><span class=\"s2\">A request form for access to public information is <a href=\"https:\/\/plodnost.com.mk\/wp-content\/uploads\/2026\/02\/obrazec-pristap-do-informacii-od-javen-karakter-plodnost.pdf\">available for download here.<\/a> <a href=\"https:\/\/plodnost.com.mk\/wp-content\/uploads\/2026\/02\/obrazec-pristap-do-informacii-od-javen-karakter-plodnost.pdf\">Download form here.<\/a><\/span><\/p>\n<p><span class=\"s2\">Access to public information is provided free of charge, in accordance with the Law on Free Access to Public Information.<br \/><\/span><\/p>\n<h3><span class=\"s1\">Hospital Departments<\/span><\/h3>\n<p><span class=\"s1\">Hospital Plodnost is organised into the following organisational units (departments), in accordance with its internal organisation and scope of activity:<\/span><\/p>\n<ul>\n<li><span class=\"s1\">Department of Gynaecology and Obstetrics (including delivery rooms)<\/span><\/li>\n<li><span class=\"s1\">Department of Anaesthesiology, Resuscitation and Intensive Care<\/span><\/li>\n<li><span class=\"s1\">Operating theatres and Central Sterilisation Unit<\/span><\/li>\n<li><span class=\"s1\">Department of Neonatology<\/span><\/li>\n<li><span class=\"s1\">IVF Centre for Assisted Human Reproduction<\/span><\/li>\n<li><span class=\"s1\">Department of Radiological Diagnostics<\/span><\/li>\n<li><span class=\"s1\">Specialist Biochemical Laboratory and Molecular Laboratory<\/span><\/li>\n<li><span class=\"s1\">Outpatient Clinics and Day Hospital<\/span><\/li>\n<li><span class=\"s1\">Hospital Pharmacy<\/span><\/li>\n<li><span class=\"s1\">Administration<\/span><\/li>\n<li><span class=\"s1\">Technical Maintenance and Courtyard Maintenance Service<\/span><\/li>\n<li><span class=\"s1\">Hygiene, Laundry and Ironing Service<\/span><\/li>\n<li><span class=\"s1\">Cafeteria<\/span><\/li>\n<\/ul>\n<p><span class=\"s1\">This structure corresponds directly to the organisational units listed in the official documentation.<\/span><\/p>\n<h3><span class=\"s1\">Medical and professional staff<\/span><\/h3>\n<p><span class=\"s1\">According to the available records, Hospital Plodnost employs the following professional staff:<\/span><\/p>\n<ul>\n<li><span class=\"s1\">1 specialist in medical biochemistry<\/span><\/li>\n<li><span class=\"s1\">2 biologists \u2013 embryologists<\/span><\/li>\n<li><span class=\"s1\">2 molecular biologists<\/span><\/li>\n<li><span class=\"s1\">48 qualified nurses and midwives<\/span><\/li>\n<li><span class=\"s1\">4 qualified laboratory analysts<\/span><\/li>\n<li><span class=\"s1\">1 qualified pharmaceutical technician<\/span><\/li>\n<li><span class=\"s1\">1 radiology technologist<\/span><\/li>\n<\/ul>\n<p><span class=\"s1\">Additional staff perform technical and support activities within the hospital, bringing the total number of non-medical and technical personnel to <\/span><span class=\"s3\">35 employees<\/span><span class=\"s1\">.<\/span><\/p>\n<h3><span class=\"s1\">Legal framework<\/span><\/h3>\n<p><span class=\"s2\">The operations of PZU \u201cPlodnost\u201d are governed by the following laws and regulations:<\/span><\/p>\n<ul>\n<li><span class=\"s1\">Law on health protection<\/span><\/li>\n<li><span class=\"s1\">Law on the protection of patients\u2019 rights<\/span><\/li>\n<li><span class=\"s1\">Law on biomedically assisted reproduction<\/span><\/li>\n<li><span class=\"s1\">Law on medicines and medical devices<\/span><\/li>\n<li><span class=\"s1\">Law on free access to public information<\/span><\/li>\n<\/ul>\n<p><span class=\"s2\">All applicable laws and by-laws are publicly available on the <a href=\"https:\/\/zdravstvo.gov.mk\/mk-MK\/regulativa\/zakoni\">official website<\/a> of the Ministry of Health of the Republic of North Macedonia. <a href=\"https:\/\/zdravstvo.gov.mk\/mk-MK\/regulativa\/zakoni\">Link to website.<\/a><br \/><\/span><\/p>\n<h3><span class=\"s1\">Accreditation and standards<\/span><\/h3>\n<p><span class=\"s2\">PZU \u201cPlodnost\u201d organises and delivers its healthcare services in compliance with national legislation and applicable professional standards, with the aim of ensuring safe, ethical and high-quality healthcare.<\/span><\/p>\n<h3><span class=\"s1\">Decisions and reports<\/span><\/h3>\n<p><span class=\"s2\">The following documents are published as part of the institution\u2019s transparency obligations:<\/span><\/p>\n<ul>\n<li><span class=\"s1\">Decision appointing the designated officer for free access to public information<\/span><\/li>\n<li><span class=\"s1\"><span class=\"s1\">Annual reports on the implementation of the Law on Free Access to Public Information<\/span><\/span><\/li>\n<\/ul>\n<h3><span class=\"s1\">Public procurement<\/span><\/h3>\n<p><span class=\"s2\">PZU Hospital \u201cPlodnost\u201d does not conduct public procurement procedures in accordance with the Law on Public Procurement.<\/span><\/p>\n<p><span class=\"s2\">&nbsp;<\/span><\/p>\n<p>\n<\/div><div class=\"btClear btSeparator topSemiSpaced bottomSemiSpaced noBorder\" ><hr><\/div><\/div><\/div><\/div><\/div><\/div><\/div><\/div><\/section>","protected":false},"excerpt":{"rendered":"","protected":false},"author":7,"featured_media":3471,"parent":6,"menu_order":5,"comment_status":"closed","ping_status":"closed","template":"","meta":{"ngg_post_thumbnail":0,"footnotes":""},"class_list":["post-4217","page","type-page","status-publish","has-post-thumbnail","hentry"],"yoast_head":"<!-- This site is optimized with the Yoast SEO plugin v27.2 - https:\/\/yoast.com\/product\/yoast-seo-wordpress\/ -->\n<title>Public information - Hospital Plodnost<\/title>\n<meta name=\"robots\" content=\"index, follow, max-snippet:-1, max-image-preview:large, max-video-preview:-1\" \/>\n<link rel=\"canonical\" href=\"https:\/\/plodnost.com.mk\/sq\/about-us\/public-information\/\" \/>\n<meta property=\"og:locale\" content=\"sq_AL\" \/>\n<meta property=\"og:type\" content=\"article\" \/>\n<meta property=\"og:title\" content=\"Public information - Hospital Plodnost\" \/>\n<meta property=\"og:url\" content=\"https:\/\/plodnost.com.mk\/sq\/about-us\/public-information\/\" \/>\n<meta property=\"og:site_name\" content=\"Hospital Plodnost\" \/>\n<meta property=\"article:modified_time\" content=\"2026-02-05T08:04:57+00:00\" \/>\n<meta property=\"og:image\" content=\"https:\/\/plodnost.com.mk\/wp-content\/uploads\/2022\/01\/banner.jpg\" \/>\n\t<meta property=\"og:image:width\" content=\"2170\" \/>\n\t<meta property=\"og:image:height\" content=\"360\" \/>\n\t<meta property=\"og:image:type\" content=\"image\/jpeg\" \/>\n<meta name=\"twitter:card\" content=\"summary_large_image\" \/>\n<meta name=\"twitter:label1\" content=\"Est. reading time\" \/>\n\t<meta name=\"twitter:data1\" content=\"3 minuta\" \/>\n<script type=\"application\/ld+json\" class=\"yoast-schema-graph\">{\"@context\":\"https:\/\/schema.org\",\"@graph\":[{\"@type\":\"WebPage\",\"@id\":\"https:\/\/plodnost.com.mk\/about-us\/public-information\/\",\"url\":\"https:\/\/plodnost.com.mk\/about-us\/public-information\/\",\"name\":\"Public information - Hospital Plodnost\",\"isPartOf\":{\"@id\":\"https:\/\/plodnost.com.mk\/#website\"},\"primaryImageOfPage\":{\"@id\":\"https:\/\/plodnost.com.mk\/about-us\/public-information\/#primaryimage\"},\"image\":{\"@id\":\"https:\/\/plodnost.com.mk\/about-us\/public-information\/#primaryimage\"},\"thumbnailUrl\":\"https:\/\/plodnost.com.mk\/wp-content\/uploads\/2022\/01\/banner.jpg\",\"datePublished\":\"2023-03-26T15:11:46+00:00\",\"dateModified\":\"2026-02-05T08:04:57+00:00\",\"breadcrumb\":{\"@id\":\"https:\/\/plodnost.com.mk\/about-us\/public-information\/#breadcrumb\"},\"inLanguage\":\"sq\",\"potentialAction\":[{\"@type\":\"ReadAction\",\"target\":[\"https:\/\/plodnost.com.mk\/about-us\/public-information\/\"]}]},{\"@type\":\"ImageObject\",\"inLanguage\":\"sq\",\"@id\":\"https:\/\/plodnost.com.mk\/about-us\/public-information\/#primaryimage\",\"url\":\"https:\/\/plodnost.com.mk\/wp-content\/uploads\/2022\/01\/banner.jpg\",\"contentUrl\":\"https:\/\/plodnost.com.mk\/wp-content\/uploads\/2022\/01\/banner.jpg\",\"width\":2170,\"height\":360},{\"@type\":\"BreadcrumbList\",\"@id\":\"https:\/\/plodnost.com.mk\/about-us\/public-information\/#breadcrumb\",\"itemListElement\":[{\"@type\":\"ListItem\",\"position\":1,\"name\":\"Home\",\"item\":\"https:\/\/plodnost.com.mk\/\"},{\"@type\":\"ListItem\",\"position\":2,\"name\":\"About us\",\"item\":\"https:\/\/plodnost.com.mk\/about-us\/\"},{\"@type\":\"ListItem\",\"position\":3,\"name\":\"Public information\"}]},{\"@type\":\"WebSite\",\"@id\":\"https:\/\/plodnost.com.mk\/#website\",\"url\":\"https:\/\/plodnost.com.mk\/\",\"name\":\"Hospital Plodnost\",\"description\":\"In-vitro Fertilisation (IVF) | Obstetrics and Gynaecology | Women&#039;s Hospital\",\"potentialAction\":[{\"@type\":\"SearchAction\",\"target\":{\"@type\":\"EntryPoint\",\"urlTemplate\":\"https:\/\/plodnost.com.mk\/?s={search_term_string}\"},\"query-input\":{\"@type\":\"PropertyValueSpecification\",\"valueRequired\":true,\"valueName\":\"search_term_string\"}}],\"inLanguage\":\"sq\"}]}<\/script>\n<!-- \/ Yoast SEO plugin. -->","yoast_head_json":{"title":"Public information - Hospital Plodnost","robots":{"index":"index","follow":"follow","max-snippet":"max-snippet:-1","max-image-preview":"max-image-preview:large","max-video-preview":"max-video-preview:-1"},"canonical":"https:\/\/plodnost.com.mk\/sq\/about-us\/public-information\/","og_locale":"sq_AL","og_type":"article","og_title":"Public information - Hospital Plodnost","og_url":"https:\/\/plodnost.com.mk\/sq\/about-us\/public-information\/","og_site_name":"Hospital Plodnost","article_modified_time":"2026-02-05T08:04:57+00:00","og_image":[{"width":2170,"height":360,"url":"https:\/\/plodnost.com.mk\/wp-content\/uploads\/2022\/01\/banner.jpg","type":"image\/jpeg"}],"twitter_card":"summary_large_image","twitter_misc":{"Est. reading time":"3 minuta"},"schema":{"@context":"https:\/\/schema.org","@graph":[{"@type":"WebPage","@id":"https:\/\/plodnost.com.mk\/about-us\/public-information\/","url":"https:\/\/plodnost.com.mk\/about-us\/public-information\/","name":"Public information - Hospital Plodnost","isPartOf":{"@id":"https:\/\/plodnost.com.mk\/#website"},"primaryImageOfPage":{"@id":"https:\/\/plodnost.com.mk\/about-us\/public-information\/#primaryimage"},"image":{"@id":"https:\/\/plodnost.com.mk\/about-us\/public-information\/#primaryimage"},"thumbnailUrl":"https:\/\/plodnost.com.mk\/wp-content\/uploads\/2022\/01\/banner.jpg","datePublished":"2023-03-26T15:11:46+00:00","dateModified":"2026-02-05T08:04:57+00:00","breadcrumb":{"@id":"https:\/\/plodnost.com.mk\/about-us\/public-information\/#breadcrumb"},"inLanguage":"sq","potentialAction":[{"@type":"ReadAction","target":["https:\/\/plodnost.com.mk\/about-us\/public-information\/"]}]},{"@type":"ImageObject","inLanguage":"sq","@id":"https:\/\/plodnost.com.mk\/about-us\/public-information\/#primaryimage","url":"https:\/\/plodnost.com.mk\/wp-content\/uploads\/2022\/01\/banner.jpg","contentUrl":"https:\/\/plodnost.com.mk\/wp-content\/uploads\/2022\/01\/banner.jpg","width":2170,"height":360},{"@type":"BreadcrumbList","@id":"https:\/\/plodnost.com.mk\/about-us\/public-information\/#breadcrumb","itemListElement":[{"@type":"ListItem","position":1,"name":"Home","item":"https:\/\/plodnost.com.mk\/"},{"@type":"ListItem","position":2,"name":"About us","item":"https:\/\/plodnost.com.mk\/about-us\/"},{"@type":"ListItem","position":3,"name":"Public information"}]},{"@type":"WebSite","@id":"https:\/\/plodnost.com.mk\/#website","url":"https:\/\/plodnost.com.mk\/","name":"Spitalin Plodnost","description":"In-vitro Fertilisation (IVF) | Obstetrics and Gynaecology | Women&#039;s Hospital","potentialAction":[{"@type":"SearchAction","target":{"@type":"EntryPoint","urlTemplate":"https:\/\/plodnost.com.mk\/?s={search_term_string}"},"query-input":{"@type":"PropertyValueSpecification","valueRequired":true,"valueName":"search_term_string"}}],"inLanguage":"sq"}]}},"_links":{"self":[{"href":"https:\/\/plodnost.com.mk\/sq\/wp-json\/wp\/v2\/pages\/4217","targetHints":{"allow":["GET"]}}],"collection":[{"href":"https:\/\/plodnost.com.mk\/sq\/wp-json\/wp\/v2\/pages"}],"about":[{"href":"https:\/\/plodnost.com.mk\/sq\/wp-json\/wp\/v2\/types\/page"}],"author":[{"embeddable":true,"href":"https:\/\/plodnost.com.mk\/sq\/wp-json\/wp\/v2\/users\/7"}],"replies":[{"embeddable":true,"href":"https:\/\/plodnost.com.mk\/sq\/wp-json\/wp\/v2\/comments?post=4217"}],"version-history":[{"count":18,"href":"https:\/\/plodnost.com.mk\/sq\/wp-json\/wp\/v2\/pages\/4217\/revisions"}],"predecessor-version":[{"id":7853,"href":"https:\/\/plodnost.com.mk\/sq\/wp-json\/wp\/v2\/pages\/4217\/revisions\/7853"}],"up":[{"embeddable":true,"href":"https:\/\/plodnost.com.mk\/sq\/wp-json\/wp\/v2\/pages\/6"}],"wp:featuredmedia":[{"embeddable":true,"href":"https:\/\/plodnost.com.mk\/sq\/wp-json\/wp\/v2\/media\/3471"}],"wp:attachment":[{"href":"https:\/\/plodnost.com.mk\/sq\/wp-json\/wp\/v2\/media?parent=4217"}],"curies":[{"name":"wp","href":"https:\/\/api.w.org\/{rel}","templated":true}]}}