{"id":3519,"date":"2022-01-31T03:53:05","date_gmt":"2022-01-31T03:53:05","guid":{"rendered":"https:\/\/plodnost.com.mk\/?page_id=3519"},"modified":"2025-03-18T12:04:23","modified_gmt":"2025-03-18T11:04:23","slug":"covid-19-pcr-test-for-travel","status":"publish","type":"page","link":"https:\/\/plodnost.com.mk\/sq\/covid-19-pcr-test-for-travel\/","title":{"rendered":"COVID-19 PCR Test for Travel"},"content":{"rendered":"<p><section id=\"bt_section69f36e2ab504e\"  class=\"boldSection gutter\" ><div class=\"port\"><div class=\"boldCell\"><div class=\"boldCellInner\"><div class=\"boldRow\" ><div class=\"boldRowInner\"><div class=\"rowItem col-md-12 col-ms-12  btTextLeft\"  ><div class=\"rowItemContent\" ><div class=\"btClear btSeparator topSemiSpaced noBorder\" ><hr><\/div><div class=\"btText\" ><\/p>\n<h3>COVID-19 PCR Test for Travel Certificates<\/h3>\n<p>Many countries and airlines are now requiring individuals to have a COVID-19 PCR test before they travel. We provide COVID-19 PCR tests with PCR travel certificates\/Fit-to-Fly certificates within 24 hours of your sample arriving at our laboratory.<\/p>\n<p>\n<\/div><div class=\"btClear btSeparator topSmallSpaced noBorder\" ><hr><\/div><div class=\"btText\" ><\/p>\n<h3>List of Accredited PCR Test Providers<\/h3>\n<p>Accredited PCR Test Provider by Ministry of Foreign Affairs listed on mfa.gov.mk website as a coronavirus testing provider. Link below.<\/p>\n<p>\n<\/div><div class=\"btClear btSeparator topSmallSpaced noBorder\" ><hr><\/div><a href=\"https:\/\/plodnost.com.mk\/wp-content\/uploads\/2021\/08\/Provider-List-Macedonia.pdf\" class=\"btBtn btBtn btnOutlineStyle btnAccentColor btnBig btnNormalWidth btnRightPosition btnNoIcon\"  target=\"_blank\"><span class=\"btnInnerText\">List of Accredited PCR Test Providers<\/span><\/a><div class=\"btClear btSeparator topSemiSpaced noBorder\" ><hr><\/div><div class=\"btText\" ><\/p>\n<h3><span style=\"color: #000000;\">PCR Test for Travel Summary<\/span><\/h3>\n<p>A simple throat swab is taken by&nbsp;one of our staff nursing team specialists in one of our COVID test centers.&nbsp;You will receive your results before&nbsp;<strong>7.30PM&nbsp;<\/strong>the next day. If you book an appointment before 12.30 pm, you will get the results the same day.<\/p>\n<p>Working hours for Covid test center Mon-Fri 08:00am-7:00pm and Sat 08:00am-1:00pm. Sunday closed.<\/p>\n<p><strong>Key Points<\/strong><\/p>\n<ul>\n<li>Listed on mfa.gov.mk website as a coronavirus testing provider<\/li>\n<li>Results provided next day by&nbsp;<strong>7.30PM*<\/strong><\/li>\n<li>Fit-to-Fly Certificate<\/li>\n<li>COVID-19 PCR Test approved by Ministry of Health Macedonia<\/li>\n<li>99% accuracy<\/li>\n<li>Access to our nurse helpline<\/li>\n<\/ul>\n<p>*If you book an appointment before 12.30 pm, you will get the results the same day.<\/p>\n<p>Read more on the Government website for up to date information on which test is valid for a certain country and for how many hours. The link below&nbsp;<a href=\"https:\/\/www.mfa.gov.mk\/mk\/page\/1706\/covid-19%C2%A0\">https:\/\/www.mfa.gov.mk\/mk\/page\/1706\/covid-19&nbsp;<\/a><\/p>\n<p>\n<\/div><div class=\"btClear btSeparator topSmallSpaced noBorder\" ><hr><\/div><\/div><\/div><\/div><\/div><\/div><\/div><\/div><\/section><section id=\"bt_section69f36e2ab5262\"  class=\"boldSection topSpaced bottomSpaced gutter inherit\" ><div class=\"port\"><div class=\"boldCell\"><div class=\"boldCellInner\"><div class=\"boldRow\" ><div class=\"boldRowInner\"><div class=\"rowItem col-md-8 col-ms-12 btTextLeft animate animate-fadein inherit\"  ><div class=\"rowItemContent\" ><div class=\"btClear btSeparator bottomSemiSpaced noBorder\" ><hr><\/div><header class=\"header btClear extralarge btDash topDash  btAccentDash\" ><div class=\"btSuperTitle\">NA D\u00cbRGONI E-MAIL ME LEHT\u00cbSI<\/div><div class=\"dash\"><h1><span class=\"headline\"><em>Na d\u00ebrgoni<\/em><br \/><br><b class=\"animate\">porosin\u00eb tuaj<\/b><\/span><\/h1><\/div><div class=\"btSubTitle\">Many countries and airlines are now requiring individuals to have a COVID-19 PCR test before they travel. We provide COVID-19 PCR tests with PCR travel certificates\/Fit-to-Fly certificates within 24 hours of your sample arriving at our laboratory.<br \/><br><\/div><\/header><div class=\"btClear btSeparator bottomSemiSpaced noBorder\" ><hr><\/div><\/div><\/div><div class=\"rowItem col-md-4 col-ms-12 btTextLeft\"  ><div class=\"rowItemContent\" ><\/div><\/div><\/div><\/div><div class=\"boldRow\" ><div class=\"boldRowInner\"><div class=\"rowItem col-md-6 col-sm-12 btTextLeft animate animate-fadein inherit\"  ><div class=\"rowItemContent\" >\r\n\t\t\t<div class=\"btGoogleMapsWrapper\" \"><div id=\"map_canvas69f36e2ab559d\" style=\"height:520px;;\" class=\"btGmap\"><\/div><\/div>\r\n\t\t\t<script type=\"text\/javascript\">\r\n\t\t\t\tjQuery( document ).ready(function() {\r\n\t\t\t\t\tbt_gmap_init( map_canvas69f36e2ab559d, 41.02159554663398, 21.3160351, 16, \"https:\/\/plodnost.com.mk\/wp-content\/uploads\/2018\/01\/Medicare-cardiology-pin.png\", \"\", \"\", \"\", \"W3siZmVhdHVyZVR5cGUiOiJhbGwiLCJlbGVtZW50VHlwZSI6Imdlb21ldHJ5LmZpbGwiLCJzdHlsZXJzIjpbeyJ3ZWlnaHQiOiIyLjAwIn1dfSx7ImZlYXR1cmVUeXBlIjoiYWxsIiwiZWxlbWVudFR5cGUiOiJnZW9tZXRyeS5zdHJva2UiLCJzdHlsZXJzIjpbeyJjb2xvciI6IiM5YzljOWMifV19LHsiZmVhdHVyZVR5cGUiOiJhbGwiLCJlbGVtZW50VHlwZSI6ImxhYmVscy50ZXh0Iiwic3R5bGVycyI6W3sidmlzaWJpbGl0eSI6Im9uIn1dfSx7ImZlYXR1cmVUeXBlIjoibGFuZHNjYXBlIiwiZWxlbWVudFR5cGUiOiJhbGwiLCJzdHlsZXJzIjpbeyJjb2xvciI6IiNmMmYyZjIifV19LHsiZmVhdHVyZVR5cGUiOiJsYW5kc2NhcGUiLCJlbGVtZW50VHlwZSI6Imdlb21ldHJ5LmZpbGwiLCJzdHlsZXJzIjpbeyJjb2xvciI6IiNmZmZmZmYifV19LHsiZmVhdHVyZVR5cGUiOiJsYW5kc2NhcGUubWFuX21hZGUiLCJlbGVtZW50VHlwZSI6Imdlb21ldHJ5LmZpbGwiLCJzdHlsZXJzIjpbeyJjb2xvciI6IiNmZmZmZmYifV19LHsiZmVhdHVyZVR5cGUiOiJwb2kiLCJlbGVtZW50VHlwZSI6ImFsbCIsInN0eWxlcnMiOlt7InZpc2liaWxpdHkiOiJvZmYifV19LHsiZmVhdHVyZVR5cGUiOiJyb2FkIiwiZWxlbWVudFR5cGUiOiJhbGwiLCJzdHlsZXJzIjpbeyJzYXR1cmF0aW9uIjotMTAwfSx7ImxpZ2h0bmVzcyI6NDV9XX0seyJmZWF0dXJlVHlwZSI6InJvYWQiLCJlbGVtZW50VHlwZSI6Imdlb21ldHJ5LmZpbGwiLCJzdHlsZXJzIjpbeyJjb2xvciI6IiNlZWVlZWUifV19LHsiZmVhdHVyZVR5cGUiOiJyb2FkIiwiZWxlbWVudFR5cGUiOiJsYWJlbHMudGV4dC5maWxsIiwic3R5bGVycyI6W3siY29sb3IiOiIjN2I3YjdiIn1dfSx7ImZlYXR1cmVUeXBlIjoicm9hZCIsImVsZW1lbnRUeXBlIjoibGFiZWxzLnRleHQuc3Ryb2tlIiwic3R5bGVycyI6W3siY29sb3IiOiIjZmZmZmZmIn1dfSx7ImZlYXR1cmVUeXBlIjoicm9hZC5oaWdod2F5IiwiZWxlbWVudFR5cGUiOiJhbGwiLCJzdHlsZXJzIjpbeyJ2aXNpYmlsaXR5Ijoic2ltcGxpZmllZCJ9XX0seyJmZWF0dXJlVHlwZSI6InJvYWQuYXJ0ZXJpYWwiLCJlbGVtZW50VHlwZSI6ImxhYmVscy5pY29uIiwic3R5bGVycyI6W3sidmlzaWJpbGl0eSI6Im9mZiJ9XX0seyJmZWF0dXJlVHlwZSI6InRyYW5zaXQiLCJlbGVtZW50VHlwZSI6ImFsbCIsInN0eWxlcnMiOlt7InZpc2liaWxpdHkiOiJvZmYifV19LHsiZmVhdHVyZVR5cGUiOiJ3YXRlciIsImVsZW1lbnRUeXBlIjoiYWxsIiwic3R5bGVycyI6W3siY29sb3IiOiIjNDZiY2VjIn0seyJ2aXNpYmlsaXR5Ijoib24ifV19LHsiZmVhdHVyZVR5cGUiOiJ3YXRlciIsImVsZW1lbnRUeXBlIjoiZ2VvbWV0cnkuZmlsbCIsInN0eWxlcnMiOlt7ImNvbG9yIjoiI2M4ZDdkNCJ9XX0seyJmZWF0dXJlVHlwZSI6IndhdGVyIiwiZWxlbWVudFR5cGUiOiJsYWJlbHMudGV4dC5maWxsIiwic3R5bGVycyI6W3siY29sb3IiOiIjMDcwNzA3In1dfSx7ImZlYXR1cmVUeXBlIjoid2F0ZXIiLCJlbGVtZW50VHlwZSI6ImxhYmVscy50ZXh0LnN0cm9rZSIsInN0eWxlcnMiOlt7ImNvbG9yIjoiI2ZmZmZmZiJ9XX1d\" );\r\n\t\t\t\t\t});\t\r\n\t\t\t<\/script>\r\n\t\t\t<div class=\"btClear btSeparator bottomSemiSpaced noBorder\" ><hr><\/div><\/div><\/div><div class=\"rowItem col-md-6 col-sm-12 btTextLeft inherit btDoublePadding\"  ><div class=\"rowItemContent\" ><div class=\"btText\" ><\/p>\n<div class=\"wpcf7 no-js\" id=\"wpcf7-f3697-o1\" lang=\"en-GB\" dir=\"ltr\" data-wpcf7-id=\"3697\">\n<div class=\"screen-reader-response\">\n<p role=\"status\" aria-live=\"polite\" aria-atomic=\"true\">\n<ul><\/ul>\n<\/div>\n<form action=\"\/sq\/wp-json\/wp\/v2\/pages\/3519#wpcf7-f3697-o1\" method=\"post\" class=\"wpcf7-form init\" aria-label=\"Contact form\" novalidate=\"novalidate\" data-status=\"init\" data-trp-original-action=\"\/sq\/wp-json\/wp\/v2\/pages\/3519#wpcf7-f3697-o1\">\n<fieldset class=\"hidden-fields-container\"><input type=\"hidden\" name=\"_wpcf7\" value=\"3697\" \/><input type=\"hidden\" name=\"_wpcf7_version\" value=\"6.1.5\" \/><input type=\"hidden\" name=\"_wpcf7_locale\" value=\"en_GB\" \/><input type=\"hidden\" name=\"_wpcf7_unit_tag\" value=\"wpcf7-f3697-o1\" \/><input type=\"hidden\" name=\"_wpcf7_container_post\" value=\"0\" \/><input type=\"hidden\" name=\"_wpcf7_posted_data_hash\" value=\"\" \/><br \/>\n<\/fieldset>\n<div class=\"uacf7-form-wrapper-container uacf7-form-3697\">\n<p><span class=\"bt_bb_required\">Emri juaj<\/span><br \/>\n    <span class=\"wpcf7-form-control-wrap\" data-name=\"your-name\"><input size=\"40\" maxlength=\"400\" class=\"wpcf7-form-control wpcf7-text wpcf7-validates-as-required\" aria-required=\"true\" aria-invalid=\"false\" value=\"\" type=\"text\" name=\"your-name\" \/><\/span> <\/p>\n<p><span class=\"bt_bb_required\">Your Surname<\/span><br \/>\n    <span class=\"wpcf7-form-control-wrap\" data-name=\"your-surname\"><input size=\"40\" maxlength=\"400\" class=\"wpcf7-form-control wpcf7-text wpcf7-validates-as-required\" aria-required=\"true\" aria-invalid=\"false\" value=\"\" type=\"text\" name=\"your-surname\" \/><\/span> <\/p>\n<p><span class=\"bt_bb_required\">E-mail<\/span><br \/>\n    <span class=\"wpcf7-form-control-wrap\" data-name=\"your-email\"><input size=\"40\" maxlength=\"400\" class=\"wpcf7-form-control wpcf7-email wpcf7-validates-as-required wpcf7-text wpcf7-validates-as-email\" aria-required=\"true\" aria-invalid=\"false\" value=\"\" type=\"email\" name=\"your-email\" \/><\/span> <\/p>\n<p><span class=\"bt_bb_required\">Numri i telefonit<\/span><br \/>\n    <span class=\"wpcf7-form-control-wrap\" data-name=\"Telephonenumber\"><input size=\"40\" maxlength=\"400\" class=\"wpcf7-form-control wpcf7-tel wpcf7-validates-as-required wpcf7-text wpcf7-validates-as-tel\" aria-required=\"true\" aria-invalid=\"false\" value=\"\" type=\"tel\" name=\"Telephonenumber\" \/><\/span> <\/p>\n<p><span class=\"bt_bb_required\">Zgjidh dat\u00ebn<\/span><br \/>\n<span class=\"wpcf7-form-control-wrap\" data-name=\"date-638\"><input class=\"wpcf7-form-control wpcf7-date wpcf7-validates-as-required wpcf7-validates-as-date\" aria-required=\"true\" aria-invalid=\"false\" placeholder=\"Please select date\" value=\"\" type=\"date\" name=\"date-638\" \/><\/span><\/p>\n<p>Porosia shtes\u00eb<br \/>\n    <span class=\"wpcf7-form-control-wrap\" data-name=\"your-message\"><textarea cols=\"40\" rows=\"4\" maxlength=\"2000\" class=\"wpcf7-form-control wpcf7-textarea\" aria-invalid=\"false\" name=\"your-message\"><\/textarea><\/span><\/p>\n<p><input class=\"wpcf7-form-control wpcf7-submit has-spinner\" type=\"submit\" value=\"REZERVO NJ\u00cb TAKIM\" \/><\/p>\n<\/div>\n<p style=\"display: none !important;\" class=\"akismet-fields-container\" data-prefix=\"_wpcf7_ak_\"><label>&#916;<textarea name=\"_wpcf7_ak_hp_textarea\" cols=\"45\" rows=\"8\" maxlength=\"100\"><\/textarea><\/label><input type=\"hidden\" id=\"ak_js_1\" name=\"_wpcf7_ak_js\" value=\"193\"\/><script>document.getElementById( \"ak_js_1\" ).setAttribute( \"value\", ( new Date() ).getTime() );<\/script><\/p>\n<div class=\"wpcf7-response-output\" aria-hidden=\"true\"><\/div>\n<input type=\"hidden\" name=\"trp-form-language\" value=\"sq\"\/><\/form>\n<\/div>\n<p>\n<\/div><div class=\"btClear btSeparator bottomSemiSpaced noBorder\" ><hr><\/div><\/div><\/div><\/div><\/div><div class=\"boldRow\" ><div class=\"boldRowInner\"><\/div><\/div><\/div><\/div><\/div><\/section><section id=\"bt_section69f36e2ab7087\"  class=\"boldSection gutter\" ><div class=\"port\"><div class=\"boldCell\"><div class=\"boldCellInner\"><div class=\"boldRow\" ><div class=\"boldRowInner\"><div class=\"rowItem col-md-12 col-ms-12  btTextCenter inherit\"  ><div class=\"rowItemContent\" ><div class=\"btClear btSeparator bottomSemiSpaced noBorder\" ><hr><\/div><header class=\"header btClear large btDash bottomDash  btAccentDash\" ><div class=\"dash\"><h2><span class=\"headline\"><em>COVID-19 TEST CENTRE CONTACT INFORMATION<\/em><\/span><\/h2><\/div><\/header><div class=\"btClear btSeparator bottomSmallSpaced noBorder\" ><hr><\/div><\/div><\/div><\/div><\/div><div class=\"boldRow\" ><div class=\"boldRowInner\"><div class=\"rowItem col-md-3 col-sm-6 col-ms-12 btTextCenter animate animate-fadein inherit\"  ><div class=\"rowItemContent\" ><div class=\"servicesItem  btIcoAccentColorIcon btIcoBigSizeIcon\"><div class=\"sIcon\"><span class=\"btIco btIcoBigSize btIcoDefaultType btIcoAccentColor\" ><span  data-ico-hs=\"&#xe91f;\" class=\"btIcoHolder\"><em><\/em><\/span><\/span><\/div><div class=\"sTxt\"><header class=\"header btClear small\" ><div class=\"dash\"><h4><span class=\"headline\">Adresa<\/span><\/h4><\/div><\/header><p>Rr. Asnom nr.9<br\/>Manastirm Maqedoni e Veriut<\/p><\/div><\/div><div class=\"btClear btSeparator bottomSemiSpaced noBorder\" ><hr><\/div><\/div><\/div><div class=\"rowItem btLeftBorder col-md-3 col-sm-6 col-ms-12 btTextCenter animate animate-fadein inherit\"  ><div class=\"rowItemContent\" ><div class=\"servicesItem  btIcoAccentColorIcon btIcoBigSizeIcon\"><div class=\"sIcon\"><span class=\"btIco btIcoBigSize btIcoDefaultType btIcoAccentColor\" ><span  data-ico-tc=\"&#xe95f;\" class=\"btIcoHolder\"><em><\/em><\/span><\/span><\/div><div class=\"sTxt\"><header class=\"header btClear small\" ><div class=\"dash\"><h4><span class=\"headline\">TELEFONO<\/span><\/h4><\/div><\/header><p>+389 (0)76 208 880<\/p><\/div><\/div><div class=\"btClear btSeparator bottomSemiSpaced noBorder\" ><hr><\/div><\/div><\/div><div class=\"rowItem btLeftBorder col-md-3 col-sm-6 col-ms-12 btTextCenter animate animate-fadein inherit\"  ><div class=\"rowItemContent\" ><div class=\"servicesItem  btIcoAccentColorIcon btIcoBigSizeIcon\"><div class=\"sIcon\"><span class=\"btIco btIcoBigSize btIcoDefaultType btIcoAccentColor\" ><span  data-ico-dg=\"&#xe92a;\" class=\"btIcoHolder\"><em><\/em><\/span><\/span><\/div><div class=\"sTxt\"><header class=\"header btClear small\" ><div class=\"dash\"><h4><span class=\"headline\">GET IN TOUCH<\/span><\/h4><\/div><\/header><p>molecular@plodnost.com.mk<\/p><\/div><\/div><div class=\"btClear btSeparator bottomSemiSpaced noBorder\" ><hr><\/div><\/div><\/div><div class=\"rowItem btLeftBorder col-md-3 col-sm-6 col-ms-12 btTextCenter animate animate-fadein inherit\"  ><div class=\"rowItemContent\" ><div class=\"servicesItem  btIcoAccentColorIcon btIcoBigSizeIcon\"><div class=\"sIcon\"><span class=\"btIco btIcoBigSize btIcoDefaultType btIcoAccentColor\" ><span  data-ico-cs=\"&#xe951;\" class=\"btIcoHolder\"><em><\/em><\/span><\/span><\/div><div class=\"sTxt\"><header class=\"header btClear small\" ><div class=\"dash\"><h4><span class=\"headline\">WORKING HOURS<\/span><\/h4><\/div><\/header><p>Mon-Fri 8:00-19:00 &#038; Sat 08:00-13:00<\/p><\/div><\/div><div class=\"btClear btSeparator bottomSemiSpaced noBorder\" ><hr><\/div><\/div><\/div><\/div><\/div><div class=\"boldRow\" ><div class=\"boldRowInner\"><div class=\"rowItem col-md-12 col-ms-12  btTextLeft\"  ><div class=\"rowItemContent\" ><div class=\"btClear btSeparator bottomSemiSpaced noBorder\" ><hr><\/div><\/div><\/div><\/div><\/div><\/div><\/div><\/div><\/section><section id=\"bt_section69f36e2ab73b5\"  class=\"boldSection topSpaced bottomSpaced gutter inherit\" style=\"background-color:#f1f1f1;\"><div class=\"port\"><div class=\"boldCell\"><div class=\"boldCellInner\"><div class=\"boldRow\" ><div class=\"boldRowInner\"><div class=\"rowItem col-md-12 col-ms-12  btTextCenter inherit\"  ><div class=\"rowItemContent\" ><header class=\"header btClear extralarge btDash bottomDash  btAccentDash\" ><div class=\"dash\"><h1><span class=\"headline\"><em>Na ndiqni<\/em><\/span><\/h1><\/div><div class=\"btSubTitle\">Zbulo se \u00e7far\u00eb \u00ebsht\u00eb e fundit dhe e re, dhe fito zbritje q\u00eb jeni nj\u00eb pacient i rregullt dhe simpatizus i Plodnost.<\/div><\/header><div class=\"btClear btSeparator topExtraSmallSpaced bottomSmallSpaced noBorder\" ><hr><\/div><div class=\"btIconImageRow\" ><span class=\"btIco btIcoFilledType btIcoMediumSize btIcoAccentColor\" ><a href=\"https:\/\/www.facebook.com\/BolnicaPlodnost\"  target = \"no_target\" data-ico-fa=\"&#xf09a;\" class=\"btIcoHolder\"><em><\/em><\/a><\/span><span class=\"btIco btIcoFilledType btIcoMediumSize btIcoAccentColor\" ><a href=\"https:\/\/www.instagram.com\/plodnost\/\"  target = \"no_target\" data-ico-fa=\"&#xf16d;\" class=\"btIcoHolder\"><em><\/em><\/a><\/span><span class=\"btIco btIcoFilledType btIcoMediumSize btIcoAccentColor\" ><a href=\"https:\/\/twitter.com\/plodnost\"  target = \"no_target\" data-ico-fa=\"&#xf099;\" class=\"btIcoHolder\"><em><\/em><\/a><\/span><span class=\"btIco btIcoFilledType btIcoMediumSize btIcoAccentColor\" ><a href=\"https:\/\/www.youtube.com\/user\/plodnost\"  target = \"no_target\" data-ico-fa=\"&#xf167;\" class=\"btIcoHolder\"><em><\/em><\/a><\/span><\/div><div class=\"btClear btSeparator bottomSemiSpaced noBorder\" ><hr><\/div><\/div><\/div><\/div><\/div><\/div><\/div><\/div><\/section><\/p>","protected":false},"excerpt":{"rendered":"<p>For more information, please get in touch via our COVID-19 Test Centre on +389 76 208 880 or fill out the form below and one of our representatives will get back to you within 24 hours.<\/p>","protected":false},"author":6,"featured_media":2447,"parent":0,"menu_order":0,"comment_status":"closed","ping_status":"closed","template":"","meta":{"ngg_post_thumbnail":0,"footnotes":""},"class_list":["post-3519","page","type-page","status-publish","has-post-thumbnail","hentry"],"yoast_head":"<!-- This site is optimized with the Yoast SEO plugin v27.2 - https:\/\/yoast.com\/product\/yoast-seo-wordpress\/ -->\n<title>COVID-19 PCR Test for Travel - Hospital Plodnost<\/title>\n<meta name=\"robots\" content=\"index, follow, max-snippet:-1, max-image-preview:large, max-video-preview:-1\" \/>\n<link rel=\"canonical\" href=\"https:\/\/plodnost.com.mk\/sq\/covid-19-pcr-test-for-travel\/\" \/>\n<meta property=\"og:locale\" content=\"sq_AL\" \/>\n<meta property=\"og:type\" content=\"article\" \/>\n<meta property=\"og:title\" content=\"COVID-19 PCR Test for Travel - Hospital Plodnost\" \/>\n<meta property=\"og:description\" content=\"For more information, please get in touch via our COVID-19 Test Centre on +389 76 208 880 or fill out the form below and one of our representatives will get back to you within 24 hours.\" \/>\n<meta property=\"og:url\" content=\"https:\/\/plodnost.com.mk\/sq\/covid-19-pcr-test-for-travel\/\" \/>\n<meta property=\"og:site_name\" content=\"Hospital Plodnost\" \/>\n<meta property=\"article:modified_time\" content=\"2025-03-18T11:04:23+00:00\" \/>\n<meta property=\"og:image\" content=\"https:\/\/plodnost.com.mk\/wp-content\/uploads\/2021\/11\/molecular-13.jpg\" \/>\n\t<meta property=\"og:image:width\" content=\"1500\" \/>\n\t<meta property=\"og:image:height\" content=\"997\" \/>\n\t<meta property=\"og:image:type\" content=\"image\/jpeg\" \/>\n<meta name=\"twitter:card\" content=\"summary_large_image\" \/>\n<meta name=\"twitter:label1\" content=\"Est. reading time\" \/>\n\t<meta name=\"twitter:data1\" content=\"2 minuta\" \/>\n<script type=\"application\/ld+json\" class=\"yoast-schema-graph\">{\"@context\":\"https:\/\/schema.org\",\"@graph\":[{\"@type\":\"WebPage\",\"@id\":\"https:\/\/plodnost.com.mk\/covid-19-pcr-test-for-travel\/\",\"url\":\"https:\/\/plodnost.com.mk\/covid-19-pcr-test-for-travel\/\",\"name\":\"COVID-19 PCR Test for Travel - Hospital Plodnost\",\"isPartOf\":{\"@id\":\"https:\/\/plodnost.com.mk\/#website\"},\"primaryImageOfPage\":{\"@id\":\"https:\/\/plodnost.com.mk\/covid-19-pcr-test-for-travel\/#primaryimage\"},\"image\":{\"@id\":\"https:\/\/plodnost.com.mk\/covid-19-pcr-test-for-travel\/#primaryimage\"},\"thumbnailUrl\":\"https:\/\/plodnost.com.mk\/wp-content\/uploads\/2021\/11\/molecular-13.jpg\",\"datePublished\":\"2022-01-31T03:53:05+00:00\",\"dateModified\":\"2025-03-18T11:04:23+00:00\",\"breadcrumb\":{\"@id\":\"https:\/\/plodnost.com.mk\/covid-19-pcr-test-for-travel\/#breadcrumb\"},\"inLanguage\":\"sq\",\"potentialAction\":[{\"@type\":\"ReadAction\",\"target\":[\"https:\/\/plodnost.com.mk\/covid-19-pcr-test-for-travel\/\"]}]},{\"@type\":\"ImageObject\",\"inLanguage\":\"sq\",\"@id\":\"https:\/\/plodnost.com.mk\/covid-19-pcr-test-for-travel\/#primaryimage\",\"url\":\"https:\/\/plodnost.com.mk\/wp-content\/uploads\/2021\/11\/molecular-13.jpg\",\"contentUrl\":\"https:\/\/plodnost.com.mk\/wp-content\/uploads\/2021\/11\/molecular-13.jpg\",\"width\":1500,\"height\":997},{\"@type\":\"BreadcrumbList\",\"@id\":\"https:\/\/plodnost.com.mk\/covid-19-pcr-test-for-travel\/#breadcrumb\",\"itemListElement\":[{\"@type\":\"ListItem\",\"position\":1,\"name\":\"Home\",\"item\":\"https:\/\/plodnost.com.mk\/\"},{\"@type\":\"ListItem\",\"position\":2,\"name\":\"COVID-19 PCR Test for Travel\"}]},{\"@type\":\"WebSite\",\"@id\":\"https:\/\/plodnost.com.mk\/#website\",\"url\":\"https:\/\/plodnost.com.mk\/\",\"name\":\"Hospital Plodnost\",\"description\":\"In-vitro Fertilisation (IVF) | Obstetrics and Gynaecology | Women&#039;s Hospital\",\"potentialAction\":[{\"@type\":\"SearchAction\",\"target\":{\"@type\":\"EntryPoint\",\"urlTemplate\":\"https:\/\/plodnost.com.mk\/?s={search_term_string}\"},\"query-input\":{\"@type\":\"PropertyValueSpecification\",\"valueRequired\":true,\"valueName\":\"search_term_string\"}}],\"inLanguage\":\"sq\"}]}<\/script>\n<!-- \/ Yoast SEO plugin. -->","yoast_head_json":{"title":"COVID-19 PCR Test for Travel - Hospital Plodnost","robots":{"index":"index","follow":"follow","max-snippet":"max-snippet:-1","max-image-preview":"max-image-preview:large","max-video-preview":"max-video-preview:-1"},"canonical":"https:\/\/plodnost.com.mk\/sq\/covid-19-pcr-test-for-travel\/","og_locale":"sq_AL","og_type":"article","og_title":"COVID-19 PCR Test for Travel - Hospital Plodnost","og_description":"For more information, please get in touch via our COVID-19 Test Centre on +389 76 208 880 or fill out the form below and one of our representatives will get back to you within 24 hours.","og_url":"https:\/\/plodnost.com.mk\/sq\/covid-19-pcr-test-for-travel\/","og_site_name":"Hospital Plodnost","article_modified_time":"2025-03-18T11:04:23+00:00","og_image":[{"width":1500,"height":997,"url":"https:\/\/plodnost.com.mk\/wp-content\/uploads\/2021\/11\/molecular-13.jpg","type":"image\/jpeg"}],"twitter_card":"summary_large_image","twitter_misc":{"Est. reading time":"2 minuta"},"schema":{"@context":"https:\/\/schema.org","@graph":[{"@type":"WebPage","@id":"https:\/\/plodnost.com.mk\/covid-19-pcr-test-for-travel\/","url":"https:\/\/plodnost.com.mk\/covid-19-pcr-test-for-travel\/","name":"COVID-19 PCR Test for Travel - Hospital Plodnost","isPartOf":{"@id":"https:\/\/plodnost.com.mk\/#website"},"primaryImageOfPage":{"@id":"https:\/\/plodnost.com.mk\/covid-19-pcr-test-for-travel\/#primaryimage"},"image":{"@id":"https:\/\/plodnost.com.mk\/covid-19-pcr-test-for-travel\/#primaryimage"},"thumbnailUrl":"https:\/\/plodnost.com.mk\/wp-content\/uploads\/2021\/11\/molecular-13.jpg","datePublished":"2022-01-31T03:53:05+00:00","dateModified":"2025-03-18T11:04:23+00:00","breadcrumb":{"@id":"https:\/\/plodnost.com.mk\/covid-19-pcr-test-for-travel\/#breadcrumb"},"inLanguage":"sq","potentialAction":[{"@type":"ReadAction","target":["https:\/\/plodnost.com.mk\/covid-19-pcr-test-for-travel\/"]}]},{"@type":"ImageObject","inLanguage":"sq","@id":"https:\/\/plodnost.com.mk\/covid-19-pcr-test-for-travel\/#primaryimage","url":"https:\/\/plodnost.com.mk\/wp-content\/uploads\/2021\/11\/molecular-13.jpg","contentUrl":"https:\/\/plodnost.com.mk\/wp-content\/uploads\/2021\/11\/molecular-13.jpg","width":1500,"height":997},{"@type":"BreadcrumbList","@id":"https:\/\/plodnost.com.mk\/covid-19-pcr-test-for-travel\/#breadcrumb","itemListElement":[{"@type":"ListItem","position":1,"name":"Home","item":"https:\/\/plodnost.com.mk\/"},{"@type":"ListItem","position":2,"name":"COVID-19 PCR Test for Travel"}]},{"@type":"WebSite","@id":"https:\/\/plodnost.com.mk\/#website","url":"https:\/\/plodnost.com.mk\/","name":"Spitalin Plodnost","description":"In-vitro Fertilisation (IVF) | Obstetrics and Gynaecology | Women&#039;s Hospital","potentialAction":[{"@type":"SearchAction","target":{"@type":"EntryPoint","urlTemplate":"https:\/\/plodnost.com.mk\/?s={search_term_string}"},"query-input":{"@type":"PropertyValueSpecification","valueRequired":true,"valueName":"search_term_string"}}],"inLanguage":"sq"}]}},"_links":{"self":[{"href":"https:\/\/plodnost.com.mk\/sq\/wp-json\/wp\/v2\/pages\/3519","targetHints":{"allow":["GET"]}}],"collection":[{"href":"https:\/\/plodnost.com.mk\/sq\/wp-json\/wp\/v2\/pages"}],"about":[{"href":"https:\/\/plodnost.com.mk\/sq\/wp-json\/wp\/v2\/types\/page"}],"author":[{"embeddable":true,"href":"https:\/\/plodnost.com.mk\/sq\/wp-json\/wp\/v2\/users\/6"}],"replies":[{"embeddable":true,"href":"https:\/\/plodnost.com.mk\/sq\/wp-json\/wp\/v2\/comments?post=3519"}],"version-history":[{"count":16,"href":"https:\/\/plodnost.com.mk\/sq\/wp-json\/wp\/v2\/pages\/3519\/revisions"}],"predecessor-version":[{"id":6765,"href":"https:\/\/plodnost.com.mk\/sq\/wp-json\/wp\/v2\/pages\/3519\/revisions\/6765"}],"wp:featuredmedia":[{"embeddable":true,"href":"https:\/\/plodnost.com.mk\/sq\/wp-json\/wp\/v2\/media\/2447"}],"wp:attachment":[{"href":"https:\/\/plodnost.com.mk\/sq\/wp-json\/wp\/v2\/media?parent=3519"}],"curies":[{"name":"wp","href":"https:\/\/api.w.org\/{rel}","templated":true}]}}