{"id":3484,"date":"2022-01-06T16:43:47","date_gmt":"2022-01-06T16:43:47","guid":{"rendered":"https:\/\/plodnost.com.mk\/?page_id=3484"},"modified":"2023-03-28T13:52:54","modified_gmt":"2023-03-28T11:52:54","slug":"surgeries","status":"publish","type":"page","link":"https:\/\/plodnost.com.mk\/sq\/surgeries\/","title":{"rendered":"GJIN"},"content":{"rendered":"<section id=\"bt_section69e74bb6c34a9\"  class=\"boldSection gutter\" ><div class=\"port\"><div class=\"boldCell\"><div class=\"boldCellInner\"><div class=\"boldRow\" ><div class=\"boldRowInner\"><div class=\"rowItem col-md-9 col-ms-12  btTextLeft\"  ><div class=\"rowItemContent\" ><div class=\"btClear btSeparator topSemiSpaced bottomSemiSpaced noBorder\" ><hr><\/div><div class=\"btText\" ><section class=\"eytg_main_container\"><section class=\"easy_youtube_gallery col-2 ar-16_9 youtubevideospadding eytg-lightbox-items\"><\/section><!-- easy_youtube_gallery col-2 ar-16_9 youtubevideospadding eytg-lightbox-items --><\/section><!-- .eytg_main_container .ar-16_9 --><\/div><div class=\"btClear btSeparator topSemiSpaced bottomSemiSpaced noBorder\" ><hr><\/div><\/div><\/div><div class=\"rowItem col-md-3 col-sm-6 col-ms-12 btTextLeft\"  ><div class=\"rowItemContent\" ><div class=\"btCustomMenu\" ><div class=\"menu-main-menu-container\"><ul id=\"menu-main-menu\" class=\"menu\"><li id=\"menu-item-1243\" class=\"menu-item menu-item-type-post_type menu-item-object-page menu-item-1243\"><a href=\"https:\/\/plodnost.com.mk\/sq\/doctors\/\">Doctors<\/a><\/li><li id=\"menu-item-1248\" class=\"menu-item menu-item-type-post_type menu-item-object-page menu-item-has-children menu-item-1248\"><a href=\"https:\/\/plodnost.com.mk\/sq\/specialties\/\">Specialiteti<\/a><ul class=\"sub-menu\"><li id=\"menu-item-3061\" class=\"menu-item menu-item-type-post_type menu-item-object-page menu-item-3061\"><a href=\"https:\/\/plodnost.com.mk\/sq\/specialties\/in-vitro-fertilization-ivf-icsi-imsi-maks\/\">Fertilizim in-vitro (IVF)<\/a><\/li><li id=\"menu-item-3062\" class=\"menu-item menu-item-type-post_type menu-item-object-page menu-item-3062\"><a href=\"https:\/\/plodnost.com.mk\/sq\/specialties\/neonatology\/\">Neonatologji<\/a><\/li><li id=\"menu-item-4329\" class=\"menu-item menu-item-type-custom menu-item-object-custom menu-item-4329\"><a href=\"https:\/\/plodnost.com.mk\/sq\/specialties\/clinical-gynaecology\/gynaecological-examination\/\">Clinical Gynaecology<\/a><\/li><li id=\"menu-item-3094\" class=\"menu-item menu-item-type-post_type menu-item-object-page menu-item-3094\"><a href=\"https:\/\/plodnost.com.mk\/sq\/specialties\/oaril\/\">OARIL<\/a><\/li><li id=\"menu-item-3095\" class=\"menu-item menu-item-type-post_type menu-item-object-page menu-item-3095\"><a href=\"https:\/\/plodnost.com.mk\/sq\/specialties\/operating-block\/\">Blloku i operimit<\/a><\/li><li id=\"menu-item-3125\" class=\"menu-item menu-item-type-post_type menu-item-object-page menu-item-3125\"><a href=\"https:\/\/plodnost.com.mk\/sq\/specialties\/x-ray-diagnostics-department\/\">Dagnistikimi rentgen<\/a><\/li><li id=\"menu-item-3121\" class=\"menu-item menu-item-type-post_type menu-item-object-page menu-item-3121\"><a href=\"https:\/\/plodnost.com.mk\/sq\/specialties\/biochemical-laboratory\/\">Laboratori biokimik<\/a><\/li><li id=\"menu-item-3272\" class=\"menu-item menu-item-type-post_type menu-item-object-page menu-item-3272\"><a href=\"https:\/\/plodnost.com.mk\/sq\/specialties\/molecular-laboratory\/\">Laboratori molekular<\/a><\/li><li id=\"menu-item-3124\" class=\"menu-item menu-item-type-post_type menu-item-object-page menu-item-3124\"><a href=\"https:\/\/plodnost.com.mk\/sq\/specialties\/paediatric-clinic-st-stilian\/\">Klinika pediatrike \u201cSh. Stilian\u201d<\/a><\/li><li id=\"menu-item-3273\" class=\"menu-item menu-item-type-post_type menu-item-object-page menu-item-3273\"><a href=\"https:\/\/plodnost.com.mk\/sq\/specialties\/ambulance-and-ae\/\">Ambulanca dhe A&amp;E<\/a><\/li><li id=\"menu-item-4749\" class=\"menu-item menu-item-type-post_type menu-item-object-page menu-item-4749\"><a href=\"https:\/\/plodnost.com.mk\/sq\/specialties\/fetal-anatomy-scans\/\">Skanimet t\u00eb Anatomis\u00eb Fetale<\/a><\/li><li id=\"menu-item-4761\" class=\"menu-item menu-item-type-post_type menu-item-object-page menu-item-4761\"><a href=\"https:\/\/plodnost.com.mk\/sq\/specialties\/fetal-echocardiography\/\">Ekokardiografia Fetale<\/a><\/li><li id=\"menu-item-4341\" class=\"menu-item menu-item-type-custom menu-item-object-custom menu-item-4341\"><a href=\"https:\/\/plodnost.com.mk\/sq\/specialties\/obstetric-examination\/\">Obstetrik\u00eb<\/a><\/li><li id=\"menu-item-5654\" class=\"menu-item menu-item-type-post_type menu-item-object-page menu-item-5654\"><a href=\"https:\/\/plodnost.com.mk\/sq\/specialties\/anesthesia\/\">Anestezia<\/a><\/li><li id=\"menu-item-5765\" class=\"menu-item menu-item-type-post_type menu-item-object-page menu-item-5765\"><a href=\"https:\/\/plodnost.com.mk\/sq\/specialties\/nutrition\/\">Konsultime p\u00ebr Ushqyerjen dhe Dietologjin\u00eb<\/a><\/li><li id=\"menu-item-5577\" class=\"menu-item menu-item-type-custom menu-item-object-custom menu-item-has-children menu-item-5577\"><a href=\"https:\/\/plodnost.com.mk\/sq\/specialties\/plodnost-intermed\/\">Plodnost Intermed<\/a><ul class=\"sub-menu\"><li id=\"menu-item-7279\" class=\"menu-item menu-item-type-post_type menu-item-object-page menu-item-7279\"><a href=\"https:\/\/plodnost.com.mk\/sq\/specialties\/plodnost-intermed\/gastroenterology\/\">Gastroenterologjia n\u00eb Plodnost Intermed<\/a><\/li><\/ul><\/li><\/ul><\/li><li id=\"menu-item-1256\" class=\"menu-item menu-item-type-post_type menu-item-object-page menu-item-has-children menu-item-1256\"><a href=\"https:\/\/plodnost.com.mk\/sq\/about-us\/\">Rreth nesh<\/a><ul class=\"sub-menu\"><li id=\"menu-item-3319\" class=\"menu-item menu-item-type-post_type menu-item-object-page menu-item-3319\"><a href=\"https:\/\/plodnost.com.mk\/sq\/about-us\/testimonials\/\">D\u00ebshmit\u00eb e pacient\u00ebve tan\u00eb<\/a><\/li><li id=\"menu-item-3492\" class=\"menu-item menu-item-type-post_type menu-item-object-page menu-item-3492\"><a href=\"https:\/\/plodnost.com.mk\/sq\/general-information\/\">Informacion i pergjithshem<\/a><\/li><li id=\"menu-item-3491\" class=\"menu-item menu-item-type-post_type menu-item-object-page menu-item-3491\"><a href=\"https:\/\/plodnost.com.mk\/sq\/mission-vision-values\/\">Mission, Vision and Values<\/a><\/li><li id=\"menu-item-3490\" class=\"menu-item menu-item-type-post_type menu-item-object-page menu-item-3490\"><a href=\"https:\/\/plodnost.com.mk\/sq\/patients-rights-and-duties\/\">Patients\u2019 rights and duties<\/a><\/li><li id=\"menu-item-4222\" class=\"menu-item menu-item-type-post_type menu-item-object-page menu-item-4222\"><a href=\"https:\/\/plodnost.com.mk\/sq\/about-us\/public-information\/\">Informata t\u00eb karakterit publik<\/a><\/li><li id=\"menu-item-3489\" class=\"menu-item menu-item-type-post_type menu-item-object-page menu-item-3489\"><a href=\"https:\/\/plodnost.com.mk\/sq\/quality-recognition\/\">Quality Recognition<\/a><\/li><li id=\"menu-item-3494\" class=\"menu-item menu-item-type-custom menu-item-object-custom menu-item-has-children menu-item-3494\"><a href=\"#\">Media<\/a><ul class=\"sub-menu\"><li id=\"menu-item-3702\" class=\"menu-item menu-item-type-post_type menu-item-object-page menu-item-3702\"><a href=\"https:\/\/plodnost.com.mk\/sq\/press\/\">Press<\/a><\/li><li id=\"menu-item-3487\" class=\"menu-item menu-item-type-post_type menu-item-object-page menu-item-3487\"><a href=\"https:\/\/plodnost.com.mk\/sq\/surgeries\/\">GJIN<\/a><\/li><\/ul><\/li><\/ul><\/li><li id=\"menu-item-3349\" class=\"menu-item menu-item-type-post_type menu-item-object-page current_page_parent menu-item-3349\"><a href=\"https:\/\/plodnost.com.mk\/sq\/latest-news\/\">Lajmet e fundit<\/a><\/li><li id=\"menu-item-1240\" class=\"menu-item menu-item-type-post_type menu-item-object-page menu-item-1240\"><a href=\"https:\/\/plodnost.com.mk\/sq\/contact-us\/\">Kontakti<\/a><\/li><li id=\"menu-item-3380\" class=\"menu-item menu-item-type-custom menu-item-object-custom menu-item-3380\"><a href=\"https:\/\/plodnost.com.mk\/sq\/appointments\/\">REZERVO NJ\u00cb TAKIM<\/a><\/li>\n<\/ul><\/div><\/div><\/div><\/div><\/div><\/div><\/div><\/div><\/div><\/section>","protected":false},"excerpt":{"rendered":"","protected":false},"author":6,"featured_media":3239,"parent":0,"menu_order":0,"comment_status":"closed","ping_status":"closed","template":"","meta":{"ngg_post_thumbnail":0,"footnotes":""},"class_list":["post-3484","page","type-page","status-publish","has-post-thumbnail","hentry"],"yoast_head":"<!-- This site is optimized with the Yoast SEO plugin v27.2 - https:\/\/yoast.com\/product\/yoast-seo-wordpress\/ -->\n<title>Surgeries - Hospital Plodnost<\/title>\n<meta name=\"robots\" content=\"index, follow, max-snippet:-1, max-image-preview:large, max-video-preview:-1\" \/>\n<link rel=\"canonical\" href=\"https:\/\/plodnost.com.mk\/sq\/surgeries\/\" \/>\n<meta property=\"og:locale\" content=\"sq_AL\" \/>\n<meta property=\"og:type\" content=\"article\" \/>\n<meta property=\"og:title\" content=\"Surgeries - Hospital Plodnost\" \/>\n<meta property=\"og:url\" content=\"https:\/\/plodnost.com.mk\/sq\/surgeries\/\" \/>\n<meta property=\"og:site_name\" content=\"Hospital Plodnost\" \/>\n<meta property=\"article:modified_time\" content=\"2023-03-28T11:52:54+00:00\" \/>\n<meta property=\"og:image\" content=\"https:\/\/plodnost.com.mk\/wp-content\/uploads\/2021\/12\/plodnost-header_0034_Plodnost_0011_P3070876.jpg\" \/>\n\t<meta property=\"og:image:width\" content=\"1200\" \/>\n\t<meta property=\"og:image:height\" content=\"420\" \/>\n\t<meta property=\"og:image:type\" content=\"image\/jpeg\" \/>\n<meta name=\"twitter:card\" content=\"summary_large_image\" \/>\n<meta name=\"twitter:label1\" content=\"Est. reading time\" \/>\n\t<meta name=\"twitter:data1\" content=\"2 minuta\" \/>\n<script type=\"application\/ld+json\" class=\"yoast-schema-graph\">{\"@context\":\"https:\/\/schema.org\",\"@graph\":[{\"@type\":\"WebPage\",\"@id\":\"https:\/\/plodnost.com.mk\/surgeries\/\",\"url\":\"https:\/\/plodnost.com.mk\/surgeries\/\",\"name\":\"Surgeries - Hospital Plodnost\",\"isPartOf\":{\"@id\":\"https:\/\/plodnost.com.mk\/#website\"},\"primaryImageOfPage\":{\"@id\":\"https:\/\/plodnost.com.mk\/surgeries\/#primaryimage\"},\"image\":{\"@id\":\"https:\/\/plodnost.com.mk\/surgeries\/#primaryimage\"},\"thumbnailUrl\":\"https:\/\/plodnost.com.mk\/wp-content\/uploads\/2021\/12\/plodnost-header_0034_Plodnost_0011_P3070876.jpg\",\"datePublished\":\"2022-01-06T16:43:47+00:00\",\"dateModified\":\"2023-03-28T11:52:54+00:00\",\"breadcrumb\":{\"@id\":\"https:\/\/plodnost.com.mk\/surgeries\/#breadcrumb\"},\"inLanguage\":\"sq\",\"potentialAction\":[{\"@type\":\"ReadAction\",\"target\":[\"https:\/\/plodnost.com.mk\/surgeries\/\"]}]},{\"@type\":\"ImageObject\",\"inLanguage\":\"sq\",\"@id\":\"https:\/\/plodnost.com.mk\/surgeries\/#primaryimage\",\"url\":\"https:\/\/plodnost.com.mk\/wp-content\/uploads\/2021\/12\/plodnost-header_0034_Plodnost_0011_P3070876.jpg\",\"contentUrl\":\"https:\/\/plodnost.com.mk\/wp-content\/uploads\/2021\/12\/plodnost-header_0034_Plodnost_0011_P3070876.jpg\",\"width\":1200,\"height\":420},{\"@type\":\"BreadcrumbList\",\"@id\":\"https:\/\/plodnost.com.mk\/surgeries\/#breadcrumb\",\"itemListElement\":[{\"@type\":\"ListItem\",\"position\":1,\"name\":\"Home\",\"item\":\"https:\/\/plodnost.com.mk\/\"},{\"@type\":\"ListItem\",\"position\":2,\"name\":\"Surgeries\"}]},{\"@type\":\"WebSite\",\"@id\":\"https:\/\/plodnost.com.mk\/#website\",\"url\":\"https:\/\/plodnost.com.mk\/\",\"name\":\"Hospital Plodnost\",\"description\":\"In-vitro Fertilisation (IVF) | Obstetrics and Gynaecology | Women&#039;s Hospital\",\"potentialAction\":[{\"@type\":\"SearchAction\",\"target\":{\"@type\":\"EntryPoint\",\"urlTemplate\":\"https:\/\/plodnost.com.mk\/?s={search_term_string}\"},\"query-input\":{\"@type\":\"PropertyValueSpecification\",\"valueRequired\":true,\"valueName\":\"search_term_string\"}}],\"inLanguage\":\"sq\"}]}<\/script>\n<!-- \/ Yoast SEO plugin. -->","yoast_head_json":{"title":"Surgeries - Hospital Plodnost","robots":{"index":"index","follow":"follow","max-snippet":"max-snippet:-1","max-image-preview":"max-image-preview:large","max-video-preview":"max-video-preview:-1"},"canonical":"https:\/\/plodnost.com.mk\/sq\/surgeries\/","og_locale":"sq_AL","og_type":"article","og_title":"Surgeries - Hospital Plodnost","og_url":"https:\/\/plodnost.com.mk\/sq\/surgeries\/","og_site_name":"Hospital Plodnost","article_modified_time":"2023-03-28T11:52:54+00:00","og_image":[{"width":1200,"height":420,"url":"https:\/\/plodnost.com.mk\/wp-content\/uploads\/2021\/12\/plodnost-header_0034_Plodnost_0011_P3070876.jpg","type":"image\/jpeg"}],"twitter_card":"summary_large_image","twitter_misc":{"Est. reading time":"2 minuta"},"schema":{"@context":"https:\/\/schema.org","@graph":[{"@type":"WebPage","@id":"https:\/\/plodnost.com.mk\/surgeries\/","url":"https:\/\/plodnost.com.mk\/surgeries\/","name":"Surgeries - Hospital Plodnost","isPartOf":{"@id":"https:\/\/plodnost.com.mk\/#website"},"primaryImageOfPage":{"@id":"https:\/\/plodnost.com.mk\/surgeries\/#primaryimage"},"image":{"@id":"https:\/\/plodnost.com.mk\/surgeries\/#primaryimage"},"thumbnailUrl":"https:\/\/plodnost.com.mk\/wp-content\/uploads\/2021\/12\/plodnost-header_0034_Plodnost_0011_P3070876.jpg","datePublished":"2022-01-06T16:43:47+00:00","dateModified":"2023-03-28T11:52:54+00:00","breadcrumb":{"@id":"https:\/\/plodnost.com.mk\/surgeries\/#breadcrumb"},"inLanguage":"sq","potentialAction":[{"@type":"ReadAction","target":["https:\/\/plodnost.com.mk\/surgeries\/"]}]},{"@type":"ImageObject","inLanguage":"sq","@id":"https:\/\/plodnost.com.mk\/surgeries\/#primaryimage","url":"https:\/\/plodnost.com.mk\/wp-content\/uploads\/2021\/12\/plodnost-header_0034_Plodnost_0011_P3070876.jpg","contentUrl":"https:\/\/plodnost.com.mk\/wp-content\/uploads\/2021\/12\/plodnost-header_0034_Plodnost_0011_P3070876.jpg","width":1200,"height":420},{"@type":"BreadcrumbList","@id":"https:\/\/plodnost.com.mk\/surgeries\/#breadcrumb","itemListElement":[{"@type":"ListItem","position":1,"name":"Home","item":"https:\/\/plodnost.com.mk\/"},{"@type":"ListItem","position":2,"name":"Surgeries"}]},{"@type":"WebSite","@id":"https:\/\/plodnost.com.mk\/#website","url":"https:\/\/plodnost.com.mk\/","name":"Spitalin Plodnost","description":"In-vitro Fertilisation (IVF) | Obstetrics and Gynaecology | Women&#039;s Hospital","potentialAction":[{"@type":"SearchAction","target":{"@type":"EntryPoint","urlTemplate":"https:\/\/plodnost.com.mk\/?s={search_term_string}"},"query-input":{"@type":"PropertyValueSpecification","valueRequired":true,"valueName":"search_term_string"}}],"inLanguage":"sq"}]}},"_links":{"self":[{"href":"https:\/\/plodnost.com.mk\/sq\/wp-json\/wp\/v2\/pages\/3484","targetHints":{"allow":["GET"]}}],"collection":[{"href":"https:\/\/plodnost.com.mk\/sq\/wp-json\/wp\/v2\/pages"}],"about":[{"href":"https:\/\/plodnost.com.mk\/sq\/wp-json\/wp\/v2\/types\/page"}],"author":[{"embeddable":true,"href":"https:\/\/plodnost.com.mk\/sq\/wp-json\/wp\/v2\/users\/6"}],"replies":[{"embeddable":true,"href":"https:\/\/plodnost.com.mk\/sq\/wp-json\/wp\/v2\/comments?post=3484"}],"version-history":[{"count":11,"href":"https:\/\/plodnost.com.mk\/sq\/wp-json\/wp\/v2\/pages\/3484\/revisions"}],"predecessor-version":[{"id":4224,"href":"https:\/\/plodnost.com.mk\/sq\/wp-json\/wp\/v2\/pages\/3484\/revisions\/4224"}],"wp:featuredmedia":[{"embeddable":true,"href":"https:\/\/plodnost.com.mk\/sq\/wp-json\/wp\/v2\/media\/3239"}],"wp:attachment":[{"href":"https:\/\/plodnost.com.mk\/sq\/wp-json\/wp\/v2\/media?parent=3484"}],"curies":[{"name":"wp","href":"https:\/\/api.w.org\/{rel}","templated":true}]}}