{"id":3105,"date":"2021-12-14T10:40:55","date_gmt":"2021-12-14T10:40:55","guid":{"rendered":"https:\/\/plodnost.com.mk\/?page_id=3105"},"modified":"2025-06-02T14:16:12","modified_gmt":"2025-06-02T12:16:12","slug":"paediatric-clinic-st-stilian","status":"publish","type":"page","link":"https:\/\/plodnost.com.mk\/sq\/specialties\/paediatric-clinic-st-stilian\/","title":{"rendered":"Klinika e pediatris\u00eb \u201cSh. Stilian"},"content":{"rendered":"<p><section id=\"bt_section69e74b7b7837a\"  class=\"boldSection gutter inherit\" ><div class=\"port\"><div class=\"boldCell\"><div class=\"boldCellInner\"><div class=\"boldRow\" ><div class=\"boldRowInner\"><div class=\"rowItem col-md-8 col-ms-12 btTextLeft inherit\"  ><div class=\"rowItemContent\" ><div class=\"btClear btSeparator topSemiSpaced bottomSemiSpaced noBorder\" ><hr><\/div><div class=\"btText\" ><\/p>\n<p>Klinika e pediatris\u00eb \u201cSh. Stilian\u201d, e cila \u00ebsht\u00eb gjithmon\u00eb e disponueshme p\u00ebr ekzaminimin e f\u00ebmij\u00ebs suaj. Reparti i pediatris\u00eb p\u00ebrb\u00ebhet nga nj\u00eb repart ambulator p\u00ebr ekzaminimin e f\u00ebmij\u00ebve t\u00eb \u00e7do moshe, n\u00eb t\u00eb cilin do t\u00eb jeni t\u00eb mir\u00ebpritur nga personeli mjek\u00ebsor miq\u00ebsor. N\u00eb zyr\u00eb v\u00ebmendje e ve\u00e7ant\u00eb i kushtohet q\u00ebndrimit ndaj f\u00ebmij\u00ebve dhe krijimit t\u00eb nj\u00eb marr\u00ebdh\u00ebnieje m\u00eb t\u00eb ngusht\u00eb me ta, pavar\u00ebsisht n\u00ebse f\u00ebmija \u00ebsht\u00eb i s\u00ebmur\u00eb apo \u00ebsht\u00eb i pranish\u00ebm vet\u00ebm p\u00ebr k\u00ebshillim. Klinika \u201cSh. Stilian \u201c punon \u00e7do dit\u00eb pune nga ora 08:00-13:30<\/p>\n<p>P\u00ebr m\u00eb shum\u00eb informacion dhe p\u00ebr t\u00eb caktuar termin p\u00ebr ekzaminimin e f\u00ebmij\u00ebs suaj n\u00eb Klinik\u00ebn e pediatris\u00eb \u201cSh. Stilian\u201d, hap\u00ebm nj\u00eb linj\u00eb shtes\u00eb telefonike direkte [01]\u260e\ufe0f[02]047 208 886<\/p>\n<p>\n<\/div><\/div><\/div><div class=\"rowItem col-md-4 col-ms-12 btTextLeft\"  ><div class=\"rowItemContent\" ><div class=\"btClear btSeparator topSemiSpaced bottomSemiSpaced noBorder\" ><hr><\/div><div class=\"bpgPhoto btTextCenter\" ><div class=\"btImage\"><img decoding=\"async\" src=\"https:\/\/plodnost.com.mk\/wp-content\/uploads\/2021\/07\/Plodnost_0100_P3070384.jpg\" alt=\"Plodnost 0100 P3070384\" title=\"Plodnost 0100 P3070384\"><\/div><\/div><div class=\"btClear btSeparator topSemiSpaced bottomExtraSmallSpaced noBorder\" ><hr><\/div><\/div><\/div><\/div><\/div><div class=\"boldRow\" ><div class=\"boldRowInner\"><div class=\"rowItem col-md-12 col-ms-12  btTextLeft\"  ><div class=\"rowItemContent\" ><div class=\"btClear btSeparator topSemiSpaced bottomSemiSpaced noBorder\" ><hr><\/div><div class=\"tilesWall btGridGallery tiled  btGridGap-1 lightbox\" data-col=\"4\"><div class=\"gridSizer\"><\/div><div class=\"gridItem bt11\" data-order-num=\"0\"><div class=\"btTileBox\"><div class=\"bpgPhoto\" > \r\n\t\t\t\t\t<a href=\"https:\/\/plodnost.com.mk\/wp-content\/uploads\/2021\/12\/plodnost_0004_IMG_6860.jpg\" class=\"lightbox\" data-title=\"\"><\/a>\r\n\t\t\t\t\t<div class=\"boldPhotoBox\"><div class=\"bpbItem\"><div class = \"btImage\"><img decoding=\"async\" src=\"https:\/\/plodnost.com.mk\/wp-content\/uploads\/2021\/12\/plodnost_0004_IMG_6860-540x540.jpg\" alt=\"Department Of Paediatrics\" title=\"Department Of Paediatrics\" ><\/div><\/div><\/div>\r\n\t\t\t\t\t<div class=\"captionPane\">\r\n\t\t\t\t\t\t<div class=\"captionTable\">\r\n\t\t\t\t\t\t\t<div class=\"captionCell\">\r\n\t\t\t\t\t\t\t\t<div class=\"captionTxt\"><\/div>\r\n\t\t\t\t\t\t\t<\/div>\r\n\t\t\t\t\t\t<\/div>\r\n\t\t\t\t\t<\/div><\/div><\/div><\/div><div class=\"gridItem bt11\" data-order-num=\"1\"><div class=\"btTileBox\"><div class=\"bpgPhoto\" > \r\n\t\t\t\t\t<a href=\"https:\/\/plodnost.com.mk\/wp-content\/uploads\/2021\/07\/Plodnost_0103_P3070370.jpg\" class=\"lightbox\" data-title=\"\"><\/a>\r\n\t\t\t\t\t<div class=\"boldPhotoBox\"><div class=\"bpbItem\"><div class = \"btImage\"><img decoding=\"async\" src=\"https:\/\/plodnost.com.mk\/wp-content\/uploads\/2021\/07\/Plodnost_0103_P3070370-540x540.jpg\" alt=\"Department Of Paediatrics\" title=\"Department Of Paediatrics\" ><\/div><\/div><\/div>\r\n\t\t\t\t\t<div class=\"captionPane\">\r\n\t\t\t\t\t\t<div class=\"captionTable\">\r\n\t\t\t\t\t\t\t<div class=\"captionCell\">\r\n\t\t\t\t\t\t\t\t<div class=\"captionTxt\"><\/div>\r\n\t\t\t\t\t\t\t<\/div>\r\n\t\t\t\t\t\t<\/div>\r\n\t\t\t\t\t<\/div><\/div><\/div><\/div><div class=\"gridItem bt11\" data-order-num=\"2\"><div class=\"btTileBox\"><div class=\"bpgPhoto\" > \r\n\t\t\t\t\t<a href=\"https:\/\/plodnost.com.mk\/wp-content\/uploads\/2021\/12\/plodnost_0002_IMG_6875.jpg\" class=\"lightbox\" data-title=\"\"><\/a>\r\n\t\t\t\t\t<div class=\"boldPhotoBox\"><div class=\"bpbItem\"><div class = \"btImage\"><img decoding=\"async\" src=\"https:\/\/plodnost.com.mk\/wp-content\/uploads\/2021\/12\/plodnost_0002_IMG_6875-540x540.jpg\" alt=\"Department Of Paediatrics\" title=\"Department Of Paediatrics\" ><\/div><\/div><\/div>\r\n\t\t\t\t\t<div class=\"captionPane\">\r\n\t\t\t\t\t\t<div class=\"captionTable\">\r\n\t\t\t\t\t\t\t<div class=\"captionCell\">\r\n\t\t\t\t\t\t\t\t<div class=\"captionTxt\"><\/div>\r\n\t\t\t\t\t\t\t<\/div>\r\n\t\t\t\t\t\t<\/div>\r\n\t\t\t\t\t<\/div><\/div><\/div><\/div><div class=\"gridItem bt11\" data-order-num=\"3\"><div class=\"btTileBox\"><div class=\"bpgPhoto\" > \r\n\t\t\t\t\t<a href=\"https:\/\/plodnost.com.mk\/wp-content\/uploads\/2021\/12\/plodnost_0000_IMG_6887.jpg\" class=\"lightbox\" data-title=\"\"><\/a>\r\n\t\t\t\t\t<div class=\"boldPhotoBox\"><div class=\"bpbItem\"><div class = \"btImage\"><img decoding=\"async\" src=\"https:\/\/plodnost.com.mk\/wp-content\/uploads\/2021\/12\/plodnost_0000_IMG_6887-540x540.jpg\" alt=\"Department Of Paediatrics\" title=\"Department Of Paediatrics\" ><\/div><\/div><\/div>\r\n\t\t\t\t\t<div class=\"captionPane\">\r\n\t\t\t\t\t\t<div class=\"captionTable\">\r\n\t\t\t\t\t\t\t<div class=\"captionCell\">\r\n\t\t\t\t\t\t\t\t<div class=\"captionTxt\"><\/div>\r\n\t\t\t\t\t\t\t<\/div>\r\n\t\t\t\t\t\t<\/div>\r\n\t\t\t\t\t<\/div><\/div><\/div><\/div><div class=\"gridItem bt11\" data-order-num=\"4\"><div class=\"btTileBox\"><div class=\"bpgPhoto\" > \r\n\t\t\t\t\t<a href=\"https:\/\/plodnost.com.mk\/wp-content\/uploads\/2021\/12\/plodnost_0005_IMG_6859.jpg\" class=\"lightbox\" data-title=\"\"><\/a>\r\n\t\t\t\t\t<div class=\"boldPhotoBox\"><div class=\"bpbItem\"><div class = \"btImage\"><img decoding=\"async\" src=\"https:\/\/plodnost.com.mk\/wp-content\/uploads\/2021\/12\/plodnost_0005_IMG_6859-540x540.jpg\" alt=\"Department Of Paediatrics\" title=\"Department Of Paediatrics\" ><\/div><\/div><\/div>\r\n\t\t\t\t\t<div class=\"captionPane\">\r\n\t\t\t\t\t\t<div class=\"captionTable\">\r\n\t\t\t\t\t\t\t<div class=\"captionCell\">\r\n\t\t\t\t\t\t\t\t<div class=\"captionTxt\"><\/div>\r\n\t\t\t\t\t\t\t<\/div>\r\n\t\t\t\t\t\t<\/div>\r\n\t\t\t\t\t<\/div><\/div><\/div><\/div><div class=\"gridItem bt11\" data-order-num=\"5\"><div class=\"btTileBox\"><div class=\"bpgPhoto\" > \r\n\t\t\t\t\t<a href=\"https:\/\/plodnost.com.mk\/wp-content\/uploads\/2021\/12\/plodnost_0001_IMG_6884.jpg\" class=\"lightbox\" data-title=\"\"><\/a>\r\n\t\t\t\t\t<div class=\"boldPhotoBox\"><div class=\"bpbItem\"><div class = \"btImage\"><img decoding=\"async\" src=\"https:\/\/plodnost.com.mk\/wp-content\/uploads\/2021\/12\/plodnost_0001_IMG_6884-540x540.jpg\" alt=\"Department Of Paediatrics\" title=\"Department Of Paediatrics\" ><\/div><\/div><\/div>\r\n\t\t\t\t\t<div class=\"captionPane\">\r\n\t\t\t\t\t\t<div class=\"captionTable\">\r\n\t\t\t\t\t\t\t<div class=\"captionCell\">\r\n\t\t\t\t\t\t\t\t<div class=\"captionTxt\"><\/div>\r\n\t\t\t\t\t\t\t<\/div>\r\n\t\t\t\t\t\t<\/div>\r\n\t\t\t\t\t<\/div><\/div><\/div><\/div><div class=\"gridItem bt11\" data-order-num=\"6\"><div class=\"btTileBox\"><div class=\"bpgPhoto\" > \r\n\t\t\t\t\t<a href=\"https:\/\/plodnost.com.mk\/wp-content\/uploads\/2021\/12\/plodnost_0003_IMG_6866.jpg\" class=\"lightbox\" data-title=\"\"><\/a>\r\n\t\t\t\t\t<div class=\"boldPhotoBox\"><div class=\"bpbItem\"><div class = \"btImage\"><img decoding=\"async\" src=\"https:\/\/plodnost.com.mk\/wp-content\/uploads\/2021\/12\/plodnost_0003_IMG_6866-540x540.jpg\" alt=\"Department Of Paediatrics\" title=\"Department Of Paediatrics\" ><\/div><\/div><\/div>\r\n\t\t\t\t\t<div class=\"captionPane\">\r\n\t\t\t\t\t\t<div class=\"captionTable\">\r\n\t\t\t\t\t\t\t<div class=\"captionCell\">\r\n\t\t\t\t\t\t\t\t<div class=\"captionTxt\"><\/div>\r\n\t\t\t\t\t\t\t<\/div>\r\n\t\t\t\t\t\t<\/div>\r\n\t\t\t\t\t<\/div><\/div><\/div><\/div><div class=\"gridItem bt11\" data-order-num=\"7\"><div class=\"btTileBox\"><div class=\"bpgPhoto\" > \r\n\t\t\t\t\t<a href=\"https:\/\/plodnost.com.mk\/wp-content\/uploads\/2021\/07\/Plodnost_0099_P3070387.jpg\" class=\"lightbox\" data-title=\"\"><\/a>\r\n\t\t\t\t\t<div class=\"boldPhotoBox\"><div class=\"bpbItem\"><div class = \"btImage\"><img decoding=\"async\" src=\"https:\/\/plodnost.com.mk\/wp-content\/uploads\/2021\/07\/Plodnost_0099_P3070387-540x540.jpg\" alt=\"Department Of Paediatrics\" title=\"Department Of Paediatrics\" ><\/div><\/div><\/div>\r\n\t\t\t\t\t<div class=\"captionPane\">\r\n\t\t\t\t\t\t<div class=\"captionTable\">\r\n\t\t\t\t\t\t\t<div class=\"captionCell\">\r\n\t\t\t\t\t\t\t\t<div class=\"captionTxt\"><\/div>\r\n\t\t\t\t\t\t\t<\/div>\r\n\t\t\t\t\t\t<\/div>\r\n\t\t\t\t\t<\/div><\/div><\/div><\/div><div class=\"gridItem bt11\" data-order-num=\"8\"><div class=\"btTileBox\"><div class=\"bpgPhoto\" > \r\n\t\t\t\t\t<a href=\"https:\/\/plodnost.com.mk\/wp-content\/uploads\/2021\/07\/Plodnost_0100_P3070384.jpg\" class=\"lightbox\" data-title=\"\"><\/a>\r\n\t\t\t\t\t<div class=\"boldPhotoBox\"><div class=\"bpbItem\"><div class = \"btImage\"><img decoding=\"async\" src=\"https:\/\/plodnost.com.mk\/wp-content\/uploads\/2021\/07\/Plodnost_0100_P3070384-540x540.jpg\" alt=\"Department Of Paediatrics\" title=\"Department Of Paediatrics\" ><\/div><\/div><\/div>\r\n\t\t\t\t\t<div class=\"captionPane\">\r\n\t\t\t\t\t\t<div class=\"captionTable\">\r\n\t\t\t\t\t\t\t<div class=\"captionCell\">\r\n\t\t\t\t\t\t\t\t<div class=\"captionTxt\"><\/div>\r\n\t\t\t\t\t\t\t<\/div>\r\n\t\t\t\t\t\t<\/div>\r\n\t\t\t\t\t<\/div><\/div><\/div><\/div><div class=\"gridItem bt11\" data-order-num=\"9\"><div class=\"btTileBox\"><div class=\"bpgPhoto\" > \r\n\t\t\t\t\t<a href=\"https:\/\/plodnost.com.mk\/wp-content\/uploads\/2021\/07\/Plodnost_0105_P3070364.jpg\" class=\"lightbox\" data-title=\"\"><\/a>\r\n\t\t\t\t\t<div class=\"boldPhotoBox\"><div class=\"bpbItem\"><div class = \"btImage\"><img decoding=\"async\" src=\"https:\/\/plodnost.com.mk\/wp-content\/uploads\/2021\/07\/Plodnost_0105_P3070364-540x540.jpg\" alt=\"Department Of Paediatrics\" title=\"Department Of Paediatrics\" ><\/div><\/div><\/div>\r\n\t\t\t\t\t<div class=\"captionPane\">\r\n\t\t\t\t\t\t<div class=\"captionTable\">\r\n\t\t\t\t\t\t\t<div class=\"captionCell\">\r\n\t\t\t\t\t\t\t\t<div class=\"captionTxt\"><\/div>\r\n\t\t\t\t\t\t\t<\/div>\r\n\t\t\t\t\t\t<\/div>\r\n\t\t\t\t\t<\/div><\/div><\/div><\/div><div class=\"gridItem bt11\" data-order-num=\"10\"><div class=\"btTileBox\"><div class=\"bpgPhoto\" > \r\n\t\t\t\t\t<a href=\"https:\/\/plodnost.com.mk\/wp-content\/uploads\/2021\/07\/Plodnost_0095_P3070405.jpg\" class=\"lightbox\" data-title=\"\"><\/a>\r\n\t\t\t\t\t<div class=\"boldPhotoBox\"><div class=\"bpbItem\"><div class = \"btImage\"><img decoding=\"async\" src=\"https:\/\/plodnost.com.mk\/wp-content\/uploads\/2021\/07\/Plodnost_0095_P3070405-540x540.jpg\" alt=\"Department Of Paediatrics\" title=\"Department Of Paediatrics\" ><\/div><\/div><\/div>\r\n\t\t\t\t\t<div class=\"captionPane\">\r\n\t\t\t\t\t\t<div class=\"captionTable\">\r\n\t\t\t\t\t\t\t<div class=\"captionCell\">\r\n\t\t\t\t\t\t\t\t<div class=\"captionTxt\"><\/div>\r\n\t\t\t\t\t\t\t<\/div>\r\n\t\t\t\t\t\t<\/div>\r\n\t\t\t\t\t<\/div><\/div><\/div><\/div><div class=\"gridItem bt11\" data-order-num=\"11\"><div class=\"btTileBox\"><div class=\"bpgPhoto\" > \r\n\t\t\t\t\t<a href=\"https:\/\/plodnost.com.mk\/wp-content\/uploads\/2021\/07\/Plodnost_0096_P3070393.jpg\" class=\"lightbox\" data-title=\"\"><\/a>\r\n\t\t\t\t\t<div class=\"boldPhotoBox\"><div class=\"bpbItem\"><div class = \"btImage\"><img decoding=\"async\" src=\"https:\/\/plodnost.com.mk\/wp-content\/uploads\/2021\/07\/Plodnost_0096_P3070393-540x540.jpg\" alt=\"Department Of Paediatrics\" title=\"Department Of Paediatrics\" ><\/div><\/div><\/div>\r\n\t\t\t\t\t<div class=\"captionPane\">\r\n\t\t\t\t\t\t<div class=\"captionTable\">\r\n\t\t\t\t\t\t\t<div class=\"captionCell\">\r\n\t\t\t\t\t\t\t\t<div class=\"captionTxt\"><\/div>\r\n\t\t\t\t\t\t\t<\/div>\r\n\t\t\t\t\t\t<\/div>\r\n\t\t\t\t\t<\/div><\/div><\/div><\/div><\/div><\/div><\/div><\/div><\/div><div class=\"boldRow\" ><div class=\"boldRowInner\"><\/div><\/div><\/div><\/div><\/div><\/section><section id=\"bt_section69e74b7b87f3c\"  class=\"boldSection gutter\" ><div class=\"port\"><div class=\"boldCell\"><div class=\"boldCellInner\"><div class=\"boldRow\" ><div class=\"boldRowInner\"><div class=\"rowItem col-md-12 col-ms-12  btTextLeft\"  ><div class=\"rowItemContent\" ><div class=\"btClear btSeparator topSemiSpaced bottomSemiSpaced noBorder\" ><hr><\/div><div class=\"btText\" ><\/p>\n<h3>Reparti i pediatris\u00eb<\/h3>\n<p>\n<\/div><div class=\"btText\" ><\/p>\n<p>\t<!-- wpshopmart team builder wrapper --><\/p>\n<div class=\"wpsm_team_2_b_row\" id=\"wpsm_team_2_b_row_2670\">\n<div class=\"wpsm_row\">\n<style>\n\t\t\t#wpsm_team_2_b_row_2670 .wpsm_team_2_member_wrapper_inner h3{\n\t\t\t\tcolor:#000000 !important;\n\t\t\t\tfont-size:18px !important;\n\t\t\t\tfont-family:Open Sans !important;\n\t\t\t}<\/p>\n<p>\t\t\t#wpsm_team_2_b_row_2670 .wpsm_team_2_b_desig{\n\t\t\t\tcolor:#000000 !important;\n\t\t\t\tfont-size:14px !important;\n\t\t\t\tfont-family:Open Sans !important;\n\t\t\t}\n\t\t\t#wpsm_team_2_b_row_2670 .wpsm_team_2_b_desc{\n\t\t\t\tcolor:#000000 !important;\n\t\t\t\tfont-size:14px !important;\n\t\t\t\tfont-family:Open Sans !important;\n\t\t\t}\n\t\t\t#wpsm_team_2_b_row_2670 .wpsm_team_2_social_div a i{\n\t\t\t\tcolor:#4f4f4f !important;\n\t\t\t\tborder-color:#4f4f4f !important;\n\t\t\t}\n\t\t\t#wpsm_team_2_b_row_2670 .wpsm_team_2_member_wrapper{\n\t\t\t\tbackground:#ffffff !important;\n\t\t\t}\n\t\t\t\t\t\t<\/style>\n<div class=\"wpsm_col-md-4 wpsm_col-sm-6  wpsm-col-div\">\n<div class=\"wpsm_team_2_member_wrapper\">\n\t\t\t\t\t\t\t<img title=\"Prim D R Anica Apchevska Vasileva\" decoding=\"async\" class=\"img-responsive wpsm_team_2_mem_img\" src=\"https:\/\/plodnost.com.mk\/wp-content\/uploads\/2024\/10\/zdr-4075.jpg\" alt=\"Prim. D-r Anica Apchevska Vasileva\"><\/p>\n<div class=\"wpsm_team_2_member_wrapper_inner\">\n<h3>\n\t\t\t\t\t\t\t\t\tPrim. Dr. Anica Ap\u00e7evska Vasileva\t\t\t\t\t\t\t\t<\/h3>\n<p>\t\t\t\t\t\t\t\t<span class=\"wpsm_team_2_b_desig\"> Pediatre <\/span> \t\t\t\t\t\t\t\t<\/p>\n<div class=\"wpsm_team_2_social_div\">\n\t\t\t\t\t\t\t\t\t<a href=\"https:\/\/www.facebook.com\/anica.apcevska\" target=\"_blank\" title=\"facebook profile\"><i class=\"fa fa-facebook\"><\/i><\/a> \t\t\t\t\t\t\t\t\t\t\t\t\t\t\t\t\t\t\t\t\t\t\t\t\t\t\t<a href=\"https:\/\/www.instagram.com\/anica2017\/\" target=\"_blank\" title=\"instagram profile\"><i class=\"fa fa-instagram\"><\/i><\/a>\t\t\t\t\t\t\t\t<\/div>\n<\/p><\/div>\n<\/p><\/div>\n<\/p><\/div>\n<div class=\"wpsm_col-md-4 wpsm_col-sm-6  wpsm-col-div\">\n<div class=\"wpsm_team_2_member_wrapper\">\n\t\t\t\t\t\t\t<img title=\"D R Margarita Kambovska\" decoding=\"async\" class=\"img-responsive wpsm_team_2_mem_img\" src=\"https:\/\/plodnost.com.mk\/wp-content\/uploads\/2024\/10\/zdr-3594.jpg\" alt=\"Spec. D-r Margarita Kambovska\"><\/p>\n<div class=\"wpsm_team_2_member_wrapper_inner\">\n<h3>\n\t\t\t\t\t\t\t\t\tSpec. D-r Margarita Kambovska\t\t\t\t\t\t\t\t<\/h3>\n<p>\t\t\t\t\t\t\t\t<span class=\"wpsm_team_2_b_desig\"> Pediatre <\/span> \t\t\t\t\t\t\t\t<\/p>\n<div class=\"wpsm_team_2_social_div\">\n\t\t\t\t\t\t\t\t\t<a href=\"https:\/\/www.facebook.com\/margarita.kambovska\" target=\"_blank\" title=\"facebook profile\"><i class=\"fa fa-facebook\"><\/i><\/a> \t\t\t\t\t\t\t\t\t\t\t\t\t\t\t\t\t\t\t\t\t\t\t\t\t\t\t<a href=\"https:\/\/www.instagram.com\/margaritakambovska\/\" target=\"_blank\" title=\"instagram profile\"><i class=\"fa fa-instagram\"><\/i><\/a>\t\t\t\t\t\t\t\t<\/div>\n<\/p><\/div>\n<\/p><\/div>\n<\/p><\/div>\n<div class=\"wpsm_col-md-4 wpsm_col-sm-6  wpsm-col-div\">\n<div class=\"wpsm_team_2_member_wrapper\">\n\t\t\t\t\t\t\t<img title=\"D R Marika Mishik Ilievska\" decoding=\"async\" class=\"img-responsive wpsm_team_2_mem_img\" src=\"https:\/\/plodnost.com.mk\/wp-content\/uploads\/2024\/10\/zdr-3317.jpg\" alt=\"Spec. D-r Marika Mishik\"><\/p>\n<div class=\"wpsm_team_2_member_wrapper_inner\">\n<h3>\n\t\t\t\t\t\t\t\t\tSpec. D-r Marika Mishik\t\t\t\t\t\t\t\t<\/h3>\n<p>\t\t\t\t\t\t\t\t<span class=\"wpsm_team_2_b_desig\"> Pediatre <\/span> \t\t\t\t\t\t\t\t<\/p>\n<div class=\"wpsm_team_2_social_div\">\n\t\t\t\t\t\t\t\t\t<a href=\"https:\/\/www.facebook.com\/BolnicaPlodnost\" target=\"_blank\" title=\"facebook profile\"><i class=\"fa fa-facebook\"><\/i><\/a> \t\t\t\t\t\t\t\t\t\t\t\t\t\t\t\t\t\t\t\t\t\t\t\t\t\t\t<a href=\"https:\/\/www.instagram.com\/plodnost\/\" target=\"_blank\" title=\"instagram profile\"><i class=\"fa fa-instagram\"><\/i><\/a>\t\t\t\t\t\t\t\t<\/div>\n<\/p><\/div>\n<\/p><\/div>\n<\/p><\/div>\n<\/p><\/div>\n<div class=\"wpsm_row\"><\/div>\n<\/p><\/div>\n<p>\n<\/div><div class=\"btClear btSeparator topSemiSpaced bottomSemiSpaced noBorder\" ><hr><\/div><\/div><\/div><\/div><\/div><\/div><\/div><\/div><\/section><\/p>","protected":false},"excerpt":{"rendered":"","protected":false},"author":6,"featured_media":2869,"parent":306,"menu_order":0,"comment_status":"closed","ping_status":"closed","template":"","meta":{"ngg_post_thumbnail":0,"footnotes":""},"class_list":["post-3105","page","type-page","status-publish","has-post-thumbnail","hentry"],"yoast_head":"<!-- This site is optimized with the Yoast SEO plugin v27.2 - https:\/\/yoast.com\/product\/yoast-seo-wordpress\/ -->\n<title>Newborn Baby Care | Visit Pediatric &amp; Neonatology Department<\/title>\n<meta name=\"description\" content=\"Our experienced doctors in the Neonatology department offer the best treatment plans and services in newborn baby care in Macedonia. Book an appointment now.\" \/>\n<meta name=\"robots\" content=\"index, follow, max-snippet:-1, max-image-preview:large, max-video-preview:-1\" \/>\n<link rel=\"canonical\" href=\"https:\/\/plodnost.com.mk\/sq\/specialties\/paediatric-clinic-st-stilian\/\" \/>\n<meta property=\"og:locale\" content=\"sq_AL\" \/>\n<meta property=\"og:type\" content=\"article\" \/>\n<meta property=\"og:title\" content=\"Newborn Baby Care | Visit Pediatric &amp; Neonatology Department\" \/>\n<meta property=\"og:description\" content=\"Our experienced doctors in the Neonatology department offer the best treatment plans and services in newborn baby care in Macedonia. Book an appointment now.\" \/>\n<meta property=\"og:url\" content=\"https:\/\/plodnost.com.mk\/sq\/specialties\/paediatric-clinic-st-stilian\/\" \/>\n<meta property=\"og:site_name\" content=\"Hospital Plodnost\" \/>\n<meta property=\"article:modified_time\" content=\"2025-06-02T12:16:12+00:00\" \/>\n<meta property=\"og:image\" content=\"https:\/\/plodnost.com.mk\/wp-content\/uploads\/2021\/07\/Plodnost_0100_P3070384.jpg\" \/>\n\t<meta property=\"og:image:width\" content=\"1200\" \/>\n\t<meta property=\"og:image:height\" content=\"800\" \/>\n\t<meta property=\"og:image:type\" content=\"image\/jpeg\" \/>\n<meta name=\"twitter:card\" content=\"summary_large_image\" \/>\n<meta name=\"twitter:label1\" content=\"Est. reading time\" \/>\n\t<meta name=\"twitter:data1\" content=\"5 minuta\" \/>\n<script type=\"application\/ld+json\" class=\"yoast-schema-graph\">{\"@context\":\"https:\/\/schema.org\",\"@graph\":[{\"@type\":\"WebPage\",\"@id\":\"https:\/\/plodnost.com.mk\/specialties\/paediatric-clinic-st-stilian\/\",\"url\":\"https:\/\/plodnost.com.mk\/specialties\/paediatric-clinic-st-stilian\/\",\"name\":\"Newborn Baby Care | Visit Pediatric & Neonatology Department\",\"isPartOf\":{\"@id\":\"https:\/\/plodnost.com.mk\/#website\"},\"primaryImageOfPage\":{\"@id\":\"https:\/\/plodnost.com.mk\/specialties\/paediatric-clinic-st-stilian\/#primaryimage\"},\"image\":{\"@id\":\"https:\/\/plodnost.com.mk\/specialties\/paediatric-clinic-st-stilian\/#primaryimage\"},\"thumbnailUrl\":\"https:\/\/plodnost.com.mk\/wp-content\/uploads\/2021\/07\/Plodnost_0100_P3070384.jpg\",\"datePublished\":\"2021-12-14T10:40:55+00:00\",\"dateModified\":\"2025-06-02T12:16:12+00:00\",\"description\":\"Our experienced doctors in the Neonatology department offer the best treatment plans and services in newborn baby care in Macedonia. Book an appointment now.\",\"breadcrumb\":{\"@id\":\"https:\/\/plodnost.com.mk\/specialties\/paediatric-clinic-st-stilian\/#breadcrumb\"},\"inLanguage\":\"sq\",\"potentialAction\":[{\"@type\":\"ReadAction\",\"target\":[\"https:\/\/plodnost.com.mk\/specialties\/paediatric-clinic-st-stilian\/\"]}]},{\"@type\":\"ImageObject\",\"inLanguage\":\"sq\",\"@id\":\"https:\/\/plodnost.com.mk\/specialties\/paediatric-clinic-st-stilian\/#primaryimage\",\"url\":\"https:\/\/plodnost.com.mk\/wp-content\/uploads\/2021\/07\/Plodnost_0100_P3070384.jpg\",\"contentUrl\":\"https:\/\/plodnost.com.mk\/wp-content\/uploads\/2021\/07\/Plodnost_0100_P3070384.jpg\",\"width\":1200,\"height\":800},{\"@type\":\"BreadcrumbList\",\"@id\":\"https:\/\/plodnost.com.mk\/specialties\/paediatric-clinic-st-stilian\/#breadcrumb\",\"itemListElement\":[{\"@type\":\"ListItem\",\"position\":1,\"name\":\"Home\",\"item\":\"https:\/\/plodnost.com.mk\/\"},{\"@type\":\"ListItem\",\"position\":2,\"name\":\"Specialty\",\"item\":\"https:\/\/plodnost.com.mk\/specialties\/\"},{\"@type\":\"ListItem\",\"position\":3,\"name\":\"Paediatric Clinic &#8220;St. Stilian&#8221;\"}]},{\"@type\":\"WebSite\",\"@id\":\"https:\/\/plodnost.com.mk\/#website\",\"url\":\"https:\/\/plodnost.com.mk\/\",\"name\":\"Hospital Plodnost\",\"description\":\"In-vitro Fertilisation (IVF) | Obstetrics and Gynaecology | Women&#039;s Hospital\",\"potentialAction\":[{\"@type\":\"SearchAction\",\"target\":{\"@type\":\"EntryPoint\",\"urlTemplate\":\"https:\/\/plodnost.com.mk\/?s={search_term_string}\"},\"query-input\":{\"@type\":\"PropertyValueSpecification\",\"valueRequired\":true,\"valueName\":\"search_term_string\"}}],\"inLanguage\":\"sq\"}]}<\/script>\n<!-- \/ Yoast SEO plugin. -->","yoast_head_json":{"title":"Newborn Baby Care | Visit Pediatric & Neonatology Department","description":"Our experienced doctors in the Neonatology department offer the best treatment plans and services in newborn baby care in Macedonia. Book an appointment now.","robots":{"index":"index","follow":"follow","max-snippet":"max-snippet:-1","max-image-preview":"max-image-preview:large","max-video-preview":"max-video-preview:-1"},"canonical":"https:\/\/plodnost.com.mk\/sq\/specialties\/paediatric-clinic-st-stilian\/","og_locale":"sq_AL","og_type":"article","og_title":"Newborn Baby Care | Visit Pediatric & Neonatology Department","og_description":"Our experienced doctors in the Neonatology department offer the best treatment plans and services in newborn baby care in Macedonia. Book an appointment now.","og_url":"https:\/\/plodnost.com.mk\/sq\/specialties\/paediatric-clinic-st-stilian\/","og_site_name":"Hospital Plodnost","article_modified_time":"2025-06-02T12:16:12+00:00","og_image":[{"width":1200,"height":800,"url":"https:\/\/plodnost.com.mk\/wp-content\/uploads\/2021\/07\/Plodnost_0100_P3070384.jpg","type":"image\/jpeg"}],"twitter_card":"summary_large_image","twitter_misc":{"Est. reading time":"5 minuta"},"schema":{"@context":"https:\/\/schema.org","@graph":[{"@type":"WebPage","@id":"https:\/\/plodnost.com.mk\/specialties\/paediatric-clinic-st-stilian\/","url":"https:\/\/plodnost.com.mk\/specialties\/paediatric-clinic-st-stilian\/","name":"Newborn Baby Care | Visit Pediatric & Neonatology Department","isPartOf":{"@id":"https:\/\/plodnost.com.mk\/#website"},"primaryImageOfPage":{"@id":"https:\/\/plodnost.com.mk\/specialties\/paediatric-clinic-st-stilian\/#primaryimage"},"image":{"@id":"https:\/\/plodnost.com.mk\/specialties\/paediatric-clinic-st-stilian\/#primaryimage"},"thumbnailUrl":"https:\/\/plodnost.com.mk\/wp-content\/uploads\/2021\/07\/Plodnost_0100_P3070384.jpg","datePublished":"2021-12-14T10:40:55+00:00","dateModified":"2025-06-02T12:16:12+00:00","description":"Our experienced doctors in the Neonatology department offer the best treatment plans and services in newborn baby care in Macedonia. Book an appointment now.","breadcrumb":{"@id":"https:\/\/plodnost.com.mk\/specialties\/paediatric-clinic-st-stilian\/#breadcrumb"},"inLanguage":"sq","potentialAction":[{"@type":"ReadAction","target":["https:\/\/plodnost.com.mk\/specialties\/paediatric-clinic-st-stilian\/"]}]},{"@type":"ImageObject","inLanguage":"sq","@id":"https:\/\/plodnost.com.mk\/specialties\/paediatric-clinic-st-stilian\/#primaryimage","url":"https:\/\/plodnost.com.mk\/wp-content\/uploads\/2021\/07\/Plodnost_0100_P3070384.jpg","contentUrl":"https:\/\/plodnost.com.mk\/wp-content\/uploads\/2021\/07\/Plodnost_0100_P3070384.jpg","width":1200,"height":800},{"@type":"BreadcrumbList","@id":"https:\/\/plodnost.com.mk\/specialties\/paediatric-clinic-st-stilian\/#breadcrumb","itemListElement":[{"@type":"ListItem","position":1,"name":"Home","item":"https:\/\/plodnost.com.mk\/"},{"@type":"ListItem","position":2,"name":"Specialty","item":"https:\/\/plodnost.com.mk\/specialties\/"},{"@type":"ListItem","position":3,"name":"Paediatric Clinic &#8220;St. Stilian&#8221;"}]},{"@type":"WebSite","@id":"https:\/\/plodnost.com.mk\/#website","url":"https:\/\/plodnost.com.mk\/","name":"Spitalin Plodnost","description":"In-vitro Fertilisation (IVF) | Obstetrics and Gynaecology | Women&#039;s Hospital","potentialAction":[{"@type":"SearchAction","target":{"@type":"EntryPoint","urlTemplate":"https:\/\/plodnost.com.mk\/?s={search_term_string}"},"query-input":{"@type":"PropertyValueSpecification","valueRequired":true,"valueName":"search_term_string"}}],"inLanguage":"sq"}]}},"_links":{"self":[{"href":"https:\/\/plodnost.com.mk\/sq\/wp-json\/wp\/v2\/pages\/3105","targetHints":{"allow":["GET"]}}],"collection":[{"href":"https:\/\/plodnost.com.mk\/sq\/wp-json\/wp\/v2\/pages"}],"about":[{"href":"https:\/\/plodnost.com.mk\/sq\/wp-json\/wp\/v2\/types\/page"}],"author":[{"embeddable":true,"href":"https:\/\/plodnost.com.mk\/sq\/wp-json\/wp\/v2\/users\/6"}],"replies":[{"embeddable":true,"href":"https:\/\/plodnost.com.mk\/sq\/wp-json\/wp\/v2\/comments?post=3105"}],"version-history":[{"count":8,"href":"https:\/\/plodnost.com.mk\/sq\/wp-json\/wp\/v2\/pages\/3105\/revisions"}],"predecessor-version":[{"id":7322,"href":"https:\/\/plodnost.com.mk\/sq\/wp-json\/wp\/v2\/pages\/3105\/revisions\/7322"}],"up":[{"embeddable":true,"href":"https:\/\/plodnost.com.mk\/sq\/wp-json\/wp\/v2\/pages\/306"}],"wp:featuredmedia":[{"embeddable":true,"href":"https:\/\/plodnost.com.mk\/sq\/wp-json\/wp\/v2\/media\/2869"}],"wp:attachment":[{"href":"https:\/\/plodnost.com.mk\/sq\/wp-json\/wp\/v2\/media?parent=3105"}],"curies":[{"name":"wp","href":"https:\/\/api.w.org\/{rel}","templated":true}]}}