{"id":298,"date":"2018-01-29T09:19:33","date_gmt":"2018-01-29T09:19:33","guid":{"rendered":"http:\/\/medical.bold-themes.com\/clinic\/?page_id=298"},"modified":"2022-07-06T15:12:35","modified_gmt":"2022-07-06T13:12:35","slug":"appointments","status":"publish","type":"page","link":"https:\/\/plodnost.com.mk\/sq\/about-us\/appointments\/","title":{"rendered":"Appointments"},"content":{"rendered":"<section id=\"bt_section69e3b4251b177\"  class=\"boldSection topSpaced bottomSpaced gutter inherit\" ><div class=\"port\"><div class=\"boldCell\"><div class=\"boldCellInner\"><div class=\"boldRow\" ><div class=\"boldRowInner\"><div class=\"rowItem col-md-8 col-ms-12 btTextLeft animate animate-fadein inherit\"  ><div class=\"rowItemContent\" ><div class=\"btClear btSeparator bottomSemiSpaced noBorder\" ><hr><\/div><header class=\"header btClear extralarge btDash topDash  btAccentDash\" ><div class=\"btSuperTitle\">MERRNI KUJDESIN E DUHUR MJEK\u00cbSOR<\/div><div class=\"dash\"><h1><span class=\"headline\"><em>Rezervo me<\/em> <b class=\"animate\">me mjekun tuaj<\/b><\/span><\/h1><\/div><div class=\"btSubTitle\">If you have been given a hospital appointment or a date for admission to hospital and you would like to change it, please get in touch directly by phone.<\/p><br><p>Please bring your medical documentation with you, so the doctor can have a better overview of your medical history and check that your appointment or stay is confirmed at Hospital Plodnost before setting out.<\/div><\/header><div class=\"btClear btSeparator bottomSemiSpaced noBorder\" ><hr><\/div><\/div><\/div><div class=\"rowItem col-md-4 col-ms-12 btTextLeft\"  ><div class=\"rowItemContent\" ><\/div><\/div><\/div><\/div><div class=\"boldRow\" ><div class=\"boldRowInner\"><div class=\"rowItem col-md-12 col-ms-12  btTextLeft animate animate-fadein inherit\"  ><div class=\"rowItemContent\" ><div class=\"bpgPhoto btTextCenter\" ><div class=\"btImage\"><img decoding=\"async\" src=\"https:\/\/plodnost.com.mk\/wp-content\/uploads\/2022\/07\/dst-4918-2-scaled.jpg\" alt=\"Tim doktori\" title=\"Tim doktori\"><\/div><\/div><div class=\"btClear btSeparator topSemiSpaced noBorder\" ><hr><\/div><div class=\"servicesItem  btIcoAccentColorIcon btIcoMediumSizeIcon\"><div class=\"sIcon\"><span class=\"btIco btIcoMediumSize btIcoDefaultType btIcoAccentColor\" ><span  data-ico-tc=\"&#xe95f;\" class=\"btIcoHolder\"><em><\/em><\/span><\/span><\/div><div class=\"sTxt\"><header class=\"header btClear small\" ><div class=\"dash\"><h4><span class=\"headline\">THIRR N\u00cb \u00c7DO KOH\u00cb<\/span><\/h4><\/div><\/header><p>+389 (0)47 208 880<br\/>+389 (0)75 472 503<\/p><\/div><\/div><div class=\"btClear btSeparator topSmallSpaced bottomSmallSpaced border\" ><hr><\/div><div class=\"servicesItem  btIcoAccentColorIcon btIcoMediumSizeIcon\"><div class=\"sIcon\"><span class=\"btIco btIcoMediumSize btIcoDefaultType btIcoAccentColor\" ><span  data-ico-hs=\"&#xe91f;\" class=\"btIcoHolder\"><em><\/em><\/span><\/span><\/div><div class=\"sTxt\"><header class=\"header btClear small\" ><div class=\"dash\"><h4><span class=\"headline\">NA VIZITO N\u00cb \u00c7DO KOH\u00cb<\/span><\/h4><\/div><\/header><p>St. ASNOM no.9<br\/>Manastirm Maqedoni e Veriut<\/p><\/div><\/div><div class=\"btClear btSeparator topSmallSpaced bottomSmallSpaced border\" ><hr><\/div><\/div><\/div><\/div><\/div><\/div><\/div><\/div><\/section>","protected":false},"excerpt":{"rendered":"<p>You can book, cancel or change a hospital appointment by contacting the hospital directly by phone.<\/p>","protected":false},"author":6,"featured_media":3206,"parent":6,"menu_order":0,"comment_status":"closed","ping_status":"closed","template":"","meta":{"ngg_post_thumbnail":0,"footnotes":""},"class_list":["post-298","page","type-page","status-publish","has-post-thumbnail","hentry"],"yoast_head":"<!-- This site is optimized with the Yoast SEO plugin v27.2 - https:\/\/yoast.com\/product\/yoast-seo-wordpress\/ -->\n<title>Appointments - Hospital Plodnost<\/title>\n<meta name=\"robots\" content=\"index, follow, max-snippet:-1, max-image-preview:large, max-video-preview:-1\" \/>\n<link rel=\"canonical\" href=\"https:\/\/plodnost.com.mk\/sq\/about-us\/appointments\/\" \/>\n<meta property=\"og:locale\" content=\"sq_AL\" \/>\n<meta property=\"og:type\" content=\"article\" \/>\n<meta property=\"og:title\" content=\"Appointments - Hospital Plodnost\" \/>\n<meta property=\"og:description\" content=\"You can book, cancel or change a hospital appointment by contacting the hospital directly by phone.\" \/>\n<meta property=\"og:url\" content=\"https:\/\/plodnost.com.mk\/sq\/about-us\/appointments\/\" \/>\n<meta property=\"og:site_name\" content=\"Hospital Plodnost\" \/>\n<meta property=\"article:modified_time\" content=\"2022-07-06T13:12:35+00:00\" \/>\n<meta property=\"og:image\" content=\"https:\/\/plodnost.com.mk\/wp-content\/uploads\/2021\/12\/plodnost-header_0001_Plodnost_0172_IMG_3630.jpg\" \/>\n\t<meta property=\"og:image:width\" content=\"1200\" \/>\n\t<meta property=\"og:image:height\" content=\"420\" \/>\n\t<meta property=\"og:image:type\" content=\"image\/jpeg\" \/>\n<meta name=\"twitter:card\" content=\"summary_large_image\" \/>\n<meta name=\"twitter:label1\" content=\"Est. reading time\" \/>\n\t<meta name=\"twitter:data1\" content=\"1 minut\u00eb\" \/>\n<script type=\"application\/ld+json\" class=\"yoast-schema-graph\">{\"@context\":\"https:\/\/schema.org\",\"@graph\":[{\"@type\":\"WebPage\",\"@id\":\"https:\/\/plodnost.com.mk\/about-us\/appointments\/\",\"url\":\"https:\/\/plodnost.com.mk\/about-us\/appointments\/\",\"name\":\"Appointments - Hospital Plodnost\",\"isPartOf\":{\"@id\":\"https:\/\/plodnost.com.mk\/#website\"},\"primaryImageOfPage\":{\"@id\":\"https:\/\/plodnost.com.mk\/about-us\/appointments\/#primaryimage\"},\"image\":{\"@id\":\"https:\/\/plodnost.com.mk\/about-us\/appointments\/#primaryimage\"},\"thumbnailUrl\":\"https:\/\/plodnost.com.mk\/wp-content\/uploads\/2021\/12\/plodnost-header_0001_Plodnost_0172_IMG_3630.jpg\",\"datePublished\":\"2018-01-29T09:19:33+00:00\",\"dateModified\":\"2022-07-06T13:12:35+00:00\",\"breadcrumb\":{\"@id\":\"https:\/\/plodnost.com.mk\/about-us\/appointments\/#breadcrumb\"},\"inLanguage\":\"sq\",\"potentialAction\":[{\"@type\":\"ReadAction\",\"target\":[\"https:\/\/plodnost.com.mk\/about-us\/appointments\/\"]}]},{\"@type\":\"ImageObject\",\"inLanguage\":\"sq\",\"@id\":\"https:\/\/plodnost.com.mk\/about-us\/appointments\/#primaryimage\",\"url\":\"https:\/\/plodnost.com.mk\/wp-content\/uploads\/2021\/12\/plodnost-header_0001_Plodnost_0172_IMG_3630.jpg\",\"contentUrl\":\"https:\/\/plodnost.com.mk\/wp-content\/uploads\/2021\/12\/plodnost-header_0001_Plodnost_0172_IMG_3630.jpg\",\"width\":1200,\"height\":420},{\"@type\":\"BreadcrumbList\",\"@id\":\"https:\/\/plodnost.com.mk\/about-us\/appointments\/#breadcrumb\",\"itemListElement\":[{\"@type\":\"ListItem\",\"position\":1,\"name\":\"Home\",\"item\":\"https:\/\/plodnost.com.mk\/\"},{\"@type\":\"ListItem\",\"position\":2,\"name\":\"About us\",\"item\":\"https:\/\/plodnost.com.mk\/about-us\/\"},{\"@type\":\"ListItem\",\"position\":3,\"name\":\"Appointments\"}]},{\"@type\":\"WebSite\",\"@id\":\"https:\/\/plodnost.com.mk\/#website\",\"url\":\"https:\/\/plodnost.com.mk\/\",\"name\":\"Hospital Plodnost\",\"description\":\"In-vitro Fertilisation (IVF) | Obstetrics and Gynaecology | Women&#039;s Hospital\",\"potentialAction\":[{\"@type\":\"SearchAction\",\"target\":{\"@type\":\"EntryPoint\",\"urlTemplate\":\"https:\/\/plodnost.com.mk\/?s={search_term_string}\"},\"query-input\":{\"@type\":\"PropertyValueSpecification\",\"valueRequired\":true,\"valueName\":\"search_term_string\"}}],\"inLanguage\":\"sq\"}]}<\/script>\n<!-- \/ Yoast SEO plugin. -->","yoast_head_json":{"title":"Appointments - Hospital Plodnost","robots":{"index":"index","follow":"follow","max-snippet":"max-snippet:-1","max-image-preview":"max-image-preview:large","max-video-preview":"max-video-preview:-1"},"canonical":"https:\/\/plodnost.com.mk\/sq\/about-us\/appointments\/","og_locale":"sq_AL","og_type":"article","og_title":"Appointments - Hospital Plodnost","og_description":"You can book, cancel or change a hospital appointment by contacting the hospital directly by phone.","og_url":"https:\/\/plodnost.com.mk\/sq\/about-us\/appointments\/","og_site_name":"Hospital Plodnost","article_modified_time":"2022-07-06T13:12:35+00:00","og_image":[{"width":1200,"height":420,"url":"https:\/\/plodnost.com.mk\/wp-content\/uploads\/2021\/12\/plodnost-header_0001_Plodnost_0172_IMG_3630.jpg","type":"image\/jpeg"}],"twitter_card":"summary_large_image","twitter_misc":{"Est. reading time":"1 minut\u00eb"},"schema":{"@context":"https:\/\/schema.org","@graph":[{"@type":"WebPage","@id":"https:\/\/plodnost.com.mk\/about-us\/appointments\/","url":"https:\/\/plodnost.com.mk\/about-us\/appointments\/","name":"Appointments - Hospital Plodnost","isPartOf":{"@id":"https:\/\/plodnost.com.mk\/#website"},"primaryImageOfPage":{"@id":"https:\/\/plodnost.com.mk\/about-us\/appointments\/#primaryimage"},"image":{"@id":"https:\/\/plodnost.com.mk\/about-us\/appointments\/#primaryimage"},"thumbnailUrl":"https:\/\/plodnost.com.mk\/wp-content\/uploads\/2021\/12\/plodnost-header_0001_Plodnost_0172_IMG_3630.jpg","datePublished":"2018-01-29T09:19:33+00:00","dateModified":"2022-07-06T13:12:35+00:00","breadcrumb":{"@id":"https:\/\/plodnost.com.mk\/about-us\/appointments\/#breadcrumb"},"inLanguage":"sq","potentialAction":[{"@type":"ReadAction","target":["https:\/\/plodnost.com.mk\/about-us\/appointments\/"]}]},{"@type":"ImageObject","inLanguage":"sq","@id":"https:\/\/plodnost.com.mk\/about-us\/appointments\/#primaryimage","url":"https:\/\/plodnost.com.mk\/wp-content\/uploads\/2021\/12\/plodnost-header_0001_Plodnost_0172_IMG_3630.jpg","contentUrl":"https:\/\/plodnost.com.mk\/wp-content\/uploads\/2021\/12\/plodnost-header_0001_Plodnost_0172_IMG_3630.jpg","width":1200,"height":420},{"@type":"BreadcrumbList","@id":"https:\/\/plodnost.com.mk\/about-us\/appointments\/#breadcrumb","itemListElement":[{"@type":"ListItem","position":1,"name":"Home","item":"https:\/\/plodnost.com.mk\/"},{"@type":"ListItem","position":2,"name":"About us","item":"https:\/\/plodnost.com.mk\/about-us\/"},{"@type":"ListItem","position":3,"name":"Appointments"}]},{"@type":"WebSite","@id":"https:\/\/plodnost.com.mk\/#website","url":"https:\/\/plodnost.com.mk\/","name":"Spitalin Plodnost","description":"In-vitro Fertilisation (IVF) | Obstetrics and Gynaecology | Women&#039;s Hospital","potentialAction":[{"@type":"SearchAction","target":{"@type":"EntryPoint","urlTemplate":"https:\/\/plodnost.com.mk\/?s={search_term_string}"},"query-input":{"@type":"PropertyValueSpecification","valueRequired":true,"valueName":"search_term_string"}}],"inLanguage":"sq"}]}},"_links":{"self":[{"href":"https:\/\/plodnost.com.mk\/sq\/wp-json\/wp\/v2\/pages\/298","targetHints":{"allow":["GET"]}}],"collection":[{"href":"https:\/\/plodnost.com.mk\/sq\/wp-json\/wp\/v2\/pages"}],"about":[{"href":"https:\/\/plodnost.com.mk\/sq\/wp-json\/wp\/v2\/types\/page"}],"author":[{"embeddable":true,"href":"https:\/\/plodnost.com.mk\/sq\/wp-json\/wp\/v2\/users\/6"}],"replies":[{"embeddable":true,"href":"https:\/\/plodnost.com.mk\/sq\/wp-json\/wp\/v2\/comments?post=298"}],"version-history":[{"count":18,"href":"https:\/\/plodnost.com.mk\/sq\/wp-json\/wp\/v2\/pages\/298\/revisions"}],"predecessor-version":[{"id":4022,"href":"https:\/\/plodnost.com.mk\/sq\/wp-json\/wp\/v2\/pages\/298\/revisions\/4022"}],"up":[{"embeddable":true,"href":"https:\/\/plodnost.com.mk\/sq\/wp-json\/wp\/v2\/pages\/6"}],"wp:featuredmedia":[{"embeddable":true,"href":"https:\/\/plodnost.com.mk\/sq\/wp-json\/wp\/v2\/media\/3206"}],"wp:attachment":[{"href":"https:\/\/plodnost.com.mk\/sq\/wp-json\/wp\/v2\/media?parent=298"}],"curies":[{"name":"wp","href":"https:\/\/api.w.org\/{rel}","templated":true}]}}